{"id":4002,"date":"2016-05-18T17:16:21","date_gmt":"2016-05-18T22:16:21","guid":{"rendered":"http:\/\/santistebanasociados.com\/web\/?page_id=4002"},"modified":"2016-06-13T17:12:08","modified_gmt":"2016-06-13T22:12:08","slug":"quienes-somos","status":"publish","type":"page","link":"https:\/\/santistebanasociados.com\/web\/quienes-somos\/","title":{"rendered":"Qui\u00e9nes Somos"},"content":{"rendered":"<p>[vc_row css=&#8221;.vc_custom_1463693391771{padding-right: 30px !important;}&#8221;][vc_column][vc_column_text css=&#8221;.vc_custom_1465855921359{padding-right: 20px !important;}&#8221;]<\/p>\n<p style=\"text-align: justify;\"><strong><a href=\"http:\/\/santistebanasociados.com\/web\/wp-content\/uploads\/2016\/05\/2-1.jpg\"><img loading=\"lazy\" decoding=\"async\" class=\"size-medium wp-image-4463 alignleft\" src=\"http:\/\/santistebanasociados.com\/web\/wp-content\/uploads\/2016\/05\/2-1-300x225.jpg\" alt=\"2\" width=\"300\" height=\"225\" srcset=\"https:\/\/santistebanasociados.com\/web\/wp-content\/uploads\/2016\/05\/2-1-300x225.jpg 300w, https:\/\/santistebanasociados.com\/web\/wp-content\/uploads\/2016\/05\/2-1-768x576.jpg 768w, https:\/\/santistebanasociados.com\/web\/wp-content\/uploads\/2016\/05\/2-1-1024x768.jpg 1024w, https:\/\/santistebanasociados.com\/web\/wp-content\/uploads\/2016\/05\/2-1-600x450.jpg 600w, https:\/\/santistebanasociados.com\/web\/wp-content\/uploads\/2016\/05\/2-1-463x348.jpg 463w\" sizes=\"auto, (max-width: 300px) 100vw, 300px\" \/><\/a>Somos <\/strong>una firma boutique, especializada en Asesor\u00eda y Asistencia Jur\u00eddica para el sector corporativo y empresarial; realizamos el estudio,\u00a0 dise\u00f1o, estructuraci\u00f3n y perfeccionamiento de sus negocios jur\u00eddicos comerciales y de inversi\u00f3n. Contamos con abogados<strong> especialistas<\/strong> en Derecho comercial, asesor\u00eda jur\u00eddica de empresas, estructuraci\u00f3n de negocios y contrataci\u00f3n comercial local e internacional, su formaci\u00f3n y experiencia profesional garantiza a nuestros clientes los mayores est\u00e1ndares de calidad y asistencia jur\u00eddica integral.<\/p>\n<p style=\"text-align: justify;\">Nuestro <strong>prop\u00f3sito<\/strong> es afianzar la confianza de nuestros clientes en las negociaciones, contrataci\u00f3n y operaciones comerciales, as\u00ed como en la estructuraci\u00f3n de negocios privados, p\u00fablicos e internacionales, poniendo a su servicio asesor\u00eda jur\u00eddica de alto nivel que cubra todo el espectro corporativo, priorizando la oportunidad, eficiencia y eficacia requerida por la din\u00e1mica comercial.<\/p>\n<p style=\"text-align: justify;\">Sabemos que <strong>sus necesidades<\/strong> son especiales, por eso este portafolio de servicios est\u00e1 estructurado con especialidad para ofrecer servicios de asesor\u00eda corporativa a empresarios con operaci\u00f3n comercial, negocios e inversi\u00f3n en territorio colombiano y extranjero.<\/p>\n<p>[\/vc_column_text][\/vc_column][\/vc_row][vc_row css=&#8221;.vc_custom_1463757086426{padding-right: 50px !important;}&#8221;][vc_column width=&#8221;1\/3&#8243;]<div class=\" ubtn-ctn-center \"><a class=\"ubtn-link ult-adjust-bottom-margin ubtn-center ubtn-custom \" href=\"http:\/\/santistebanasociados.com\/web\/index.php\/mision\/\" ><button type=\"button\" id=\"ubtn-3284\"  class=\"ubtn ult-adjust-bottom-margin ult-responsive ubtn-custom ubtn-fade-bg  none  ubtn-sep-icon ubtn-sep-icon-left  ubtn-center   tooltip-69e3fc5d1dc82 ubtn-tooltip bottom\" data-toggle=\"tooltip\" data-placement=\"bottom\" title=\"Nuestra Misi\u00f3n\" data-hover=\"#ffffff\" data-border-color=\"\" data-bg=\"#ad252f\" data-hover-bg=\"#5f021f\" data-border-hover=\"\" data-shadow-hover=\"\" data-shadow-click=\"none\" data-shadow=\"\" data-shd-shadow=\"\"  data-ultimate-target='#ubtn-3284'  data-responsive-json-new='{\"font-size\":\"desktop:14px;\",\"line-height\":\"\"}'  style=\"font-weight:normal;width:250px;min-height:40px;padding:px px;border:none;background: #ad252f;color: #ffffff;\"><span class=\"ubtn-data ubtn-icon\"><i class=\"Defaults-chevron-down\" style=\"font-size:18px;color:#ffffff;\"><\/i><\/span><span class=\"ubtn-hover\" style=\"background-color:#5f021f\"><\/span><span class=\"ubtn-data ubtn-text \" >Misi\u00f3n<\/span><\/button><\/a><\/div>[\/vc_column][vc_column width=&#8221;1\/3&#8243;]<div class=\" ubtn-ctn-center \"><a class=\"ubtn-link ult-adjust-bottom-margin ubtn-center ubtn-custom \" href=\"http:\/\/santistebanasociados.com\/web\/index.php\/vision\/\" ><button type=\"button\" id=\"ubtn-8460\"  class=\"ubtn ult-adjust-bottom-margin ult-responsive ubtn-custom ubtn-fade-bg  none  ubtn-sep-icon ubtn-sep-icon-left  ubtn-center   tooltip-69e3fc5d1dcf8 ubtn-tooltip bottom\" data-toggle=\"tooltip\" data-placement=\"bottom\" title=\"Nuestra Visi\u00f3n\" data-hover=\"#ffffff\" data-border-color=\"\" data-bg=\"#ad252f\" data-hover-bg=\"#5f021f\" data-border-hover=\"\" data-shadow-hover=\"\" data-shadow-click=\"none\" data-shadow=\"\" data-shd-shadow=\"\"  data-ultimate-target='#ubtn-8460'  data-responsive-json-new='{\"font-size\":\"desktop:14px;\",\"line-height\":\"\"}'  style=\"font-weight:normal;width:250px;min-height:40px;padding:px px;border:none;background: #ad252f;color: #ffffff;\"><span class=\"ubtn-data ubtn-icon\"><i class=\"Defaults-chevron-down\" style=\"font-size:18px;color:#ffffff;\"><\/i><\/span><span class=\"ubtn-hover\" style=\"background-color:#5f021f\"><\/span><span class=\"ubtn-data ubtn-text \" >Visi\u00f3n<\/span><\/button><\/a><\/div>[\/vc_column][vc_column width=&#8221;1\/3&#8243;]<div class=\" ubtn-ctn-center \"><a class=\"ubtn-link ult-adjust-bottom-margin ubtn-center ubtn-custom \" href=\"http:\/\/santistebanasociados.com\/web\/index.php\/valores\/\" ><button type=\"button\" id=\"ubtn-4765\"  class=\"ubtn ult-adjust-bottom-margin ult-responsive ubtn-custom ubtn-fade-bg  none  ubtn-sep-icon ubtn-sep-icon-left  ubtn-center   tooltip-69e3fc5d1dd46 ubtn-tooltip bottom\" data-toggle=\"tooltip\" data-placement=\"bottom\" title=\"Nuestros Valores\" data-hover=\"#ffffff\" data-border-color=\"\" data-bg=\"#ad252f\" data-hover-bg=\"#5f021f\" data-border-hover=\"\" data-shadow-hover=\"\" data-shadow-click=\"none\" data-shadow=\"\" data-shd-shadow=\"\"  data-ultimate-target='#ubtn-4765'  data-responsive-json-new='{\"font-size\":\"desktop:14px;\",\"line-height\":\"\"}'  style=\"font-weight:normal;width:250px;min-height:40px;padding:px px;border:none;background: #ad252f;color: #ffffff;\"><span class=\"ubtn-data ubtn-icon\"><i class=\"Defaults-chevron-down\" style=\"font-size:18px;color:#ffffff;\"><\/i><\/span><span class=\"ubtn-hover\" style=\"background-color:#5f021f\"><\/span><span class=\"ubtn-data ubtn-text \" >Valores<\/span><\/button><\/a><\/div>[\/vc_column][\/vc_row]<\/p>\n","protected":false},"excerpt":{"rendered":"<p>[vc_row css=&#8221;.vc_custom_1463693391771{padding-right: 30px !important;}&#8221;][vc_column][vc_column_text css=&#8221;.vc_custom_1465855921359{padding-right: 20px !important;}&#8221;] Somos una firma boutique, especializada en Asesor\u00eda y Asistencia Jur\u00eddica para el sector corporativo y empresarial; realizamos el estudio,\u00a0 dise\u00f1o, estructuraci\u00f3n y perfeccionamiento de sus negocios jur\u00eddicos comerciales y de inversi\u00f3n. Contamos con abogados especialistas en Derecho comercial, asesor\u00eda jur\u00eddica de empresas, estructuraci\u00f3n de negocios y contrataci\u00f3n comercial [&hellip;]<\/p>\n","protected":false},"author":1,"featured_media":0,"parent":0,"menu_order":0,"comment_status":"closed","ping_status":"closed","template":"","meta":{"footnotes":""},"class_list":["post-4002","page","type-page","status-publish","hentry"],"yoast_head":"<!-- This site is optimized with the Yoast SEO plugin v22.1 - https:\/\/yoast.com\/wordpress\/plugins\/seo\/ -->\n<title>Qui\u00e9nes Somos - Santisteban &amp; Asociados<\/title>\n<meta name=\"robots\" content=\"noindex, follow, max-snippet:-1, max-image-preview:large, max-video-preview:-1\" \/>\n<meta property=\"og:locale\" content=\"es_ES\" \/>\n<meta property=\"og:type\" content=\"article\" \/>\n<meta property=\"og:title\" content=\"Qui\u00e9nes Somos - Santisteban &amp; Asociados\" \/>\n<meta property=\"og:description\" content=\"[vc_row css=&#8221;.vc_custom_1463693391771{padding-right: 30px !important;}&#8221;][vc_column][vc_column_text css=&#8221;.vc_custom_1465855921359{padding-right: 20px !important;}&#8221;] Somos una firma boutique, especializada en Asesor\u00eda y Asistencia Jur\u00eddica para el sector corporativo y empresarial; realizamos el estudio,\u00a0 dise\u00f1o, estructuraci\u00f3n y perfeccionamiento de sus negocios jur\u00eddicos comerciales y de inversi\u00f3n. Contamos con abogados especialistas en Derecho comercial, asesor\u00eda jur\u00eddica de empresas, estructuraci\u00f3n de negocios y contrataci\u00f3n comercial [&hellip;]\" \/>\n<meta property=\"og:url\" content=\"https:\/\/santistebanasociados.com\/web\/quienes-somos\/\" \/>\n<meta property=\"og:site_name\" content=\"Santisteban &amp; Asociados\" \/>\n<meta property=\"article:modified_time\" content=\"2016-06-13T22:12:08+00:00\" \/>\n<meta property=\"og:image\" content=\"http:\/\/santistebanasociados.com\/web\/wp-content\/uploads\/2016\/05\/2-1-300x225.jpg\" \/>\n<meta name=\"twitter:card\" content=\"summary_large_image\" \/>\n<meta name=\"twitter:label1\" content=\"Est. reading time\" \/>\n\t<meta name=\"twitter:data1\" content=\"2 minutes\" \/>\n<script type=\"application\/ld+json\" class=\"yoast-schema-graph\">{\"@context\":\"https:\/\/schema.org\",\"@graph\":[{\"@type\":\"WebPage\",\"@id\":\"https:\/\/santistebanasociados.com\/web\/quienes-somos\/\",\"url\":\"https:\/\/santistebanasociados.com\/web\/quienes-somos\/\",\"name\":\"Qui\u00e9nes Somos - Santisteban &amp; Asociados\",\"isPartOf\":{\"@id\":\"https:\/\/santistebanasociados.com\/web\/#website\"},\"datePublished\":\"2016-05-18T22:16:21+00:00\",\"dateModified\":\"2016-06-13T22:12:08+00:00\",\"breadcrumb\":{\"@id\":\"https:\/\/santistebanasociados.com\/web\/quienes-somos\/#breadcrumb\"},\"inLanguage\":\"es-ES\",\"potentialAction\":[{\"@type\":\"ReadAction\",\"target\":[\"https:\/\/santistebanasociados.com\/web\/quienes-somos\/\"]}]},{\"@type\":\"BreadcrumbList\",\"@id\":\"https:\/\/santistebanasociados.com\/web\/quienes-somos\/#breadcrumb\",\"itemListElement\":[{\"@type\":\"ListItem\",\"position\":1,\"name\":\"Portada\",\"item\":\"https:\/\/santistebanasociados.com\/web\/\"},{\"@type\":\"ListItem\",\"position\":2,\"name\":\"Qui\u00e9nes Somos\"}]},{\"@type\":\"WebSite\",\"@id\":\"https:\/\/santistebanasociados.com\/web\/#website\",\"url\":\"https:\/\/santistebanasociados.com\/web\/\",\"name\":\"Santisteban &amp; Asociados\",\"description\":\"Servicios Legales Corporativos\",\"potentialAction\":[{\"@type\":\"SearchAction\",\"target\":{\"@type\":\"EntryPoint\",\"urlTemplate\":\"https:\/\/santistebanasociados.com\/web\/?s={search_term_string}\"},\"query-input\":\"required name=search_term_string\"}],\"inLanguage\":\"es-ES\"}]}<\/script>\n<!-- \/ Yoast SEO plugin. -->","yoast_head_json":{"title":"Qui\u00e9nes Somos - Santisteban &amp; Asociados","robots":{"index":"noindex","follow":"follow","max-snippet":"max-snippet:-1","max-image-preview":"max-image-preview:large","max-video-preview":"max-video-preview:-1"},"og_locale":"es_ES","og_type":"article","og_title":"Qui\u00e9nes Somos - Santisteban &amp; Asociados","og_description":"[vc_row css=&#8221;.vc_custom_1463693391771{padding-right: 30px !important;}&#8221;][vc_column][vc_column_text css=&#8221;.vc_custom_1465855921359{padding-right: 20px !important;}&#8221;] Somos una firma boutique, especializada en Asesor\u00eda y Asistencia Jur\u00eddica para el sector corporativo y empresarial; realizamos el estudio,\u00a0 dise\u00f1o, estructuraci\u00f3n y perfeccionamiento de sus negocios jur\u00eddicos comerciales y de inversi\u00f3n. Contamos con abogados especialistas en Derecho comercial, asesor\u00eda jur\u00eddica de empresas, estructuraci\u00f3n de negocios y contrataci\u00f3n comercial [&hellip;]","og_url":"https:\/\/santistebanasociados.com\/web\/quienes-somos\/","og_site_name":"Santisteban &amp; Asociados","article_modified_time":"2016-06-13T22:12:08+00:00","og_image":[{"url":"http:\/\/santistebanasociados.com\/web\/wp-content\/uploads\/2016\/05\/2-1-300x225.jpg"}],"twitter_card":"summary_large_image","twitter_misc":{"Est. reading time":"2 minutes"},"schema":{"@context":"https:\/\/schema.org","@graph":[{"@type":"WebPage","@id":"https:\/\/santistebanasociados.com\/web\/quienes-somos\/","url":"https:\/\/santistebanasociados.com\/web\/quienes-somos\/","name":"Qui\u00e9nes Somos - Santisteban &amp; Asociados","isPartOf":{"@id":"https:\/\/santistebanasociados.com\/web\/#website"},"datePublished":"2016-05-18T22:16:21+00:00","dateModified":"2016-06-13T22:12:08+00:00","breadcrumb":{"@id":"https:\/\/santistebanasociados.com\/web\/quienes-somos\/#breadcrumb"},"inLanguage":"es-ES","potentialAction":[{"@type":"ReadAction","target":["https:\/\/santistebanasociados.com\/web\/quienes-somos\/"]}]},{"@type":"BreadcrumbList","@id":"https:\/\/santistebanasociados.com\/web\/quienes-somos\/#breadcrumb","itemListElement":[{"@type":"ListItem","position":1,"name":"Portada","item":"https:\/\/santistebanasociados.com\/web\/"},{"@type":"ListItem","position":2,"name":"Qui\u00e9nes Somos"}]},{"@type":"WebSite","@id":"https:\/\/santistebanasociados.com\/web\/#website","url":"https:\/\/santistebanasociados.com\/web\/","name":"Santisteban &amp; Asociados","description":"Servicios Legales Corporativos","potentialAction":[{"@type":"SearchAction","target":{"@type":"EntryPoint","urlTemplate":"https:\/\/santistebanasociados.com\/web\/?s={search_term_string}"},"query-input":"required name=search_term_string"}],"inLanguage":"es-ES"}]}},"_links":{"self":[{"href":"https:\/\/santistebanasociados.com\/web\/wp-json\/wp\/v2\/pages\/4002","targetHints":{"allow":["GET"]}}],"collection":[{"href":"https:\/\/santistebanasociados.com\/web\/wp-json\/wp\/v2\/pages"}],"about":[{"href":"https:\/\/santistebanasociados.com\/web\/wp-json\/wp\/v2\/types\/page"}],"author":[{"embeddable":true,"href":"https:\/\/santistebanasociados.com\/web\/wp-json\/wp\/v2\/users\/1"}],"replies":[{"embeddable":true,"href":"https:\/\/santistebanasociados.com\/web\/wp-json\/wp\/v2\/comments?post=4002"}],"version-history":[{"count":39,"href":"https:\/\/santistebanasociados.com\/web\/wp-json\/wp\/v2\/pages\/4002\/revisions"}],"predecessor-version":[{"id":4464,"href":"https:\/\/santistebanasociados.com\/web\/wp-json\/wp\/v2\/pages\/4002\/revisions\/4464"}],"wp:attachment":[{"href":"https:\/\/santistebanasociados.com\/web\/wp-json\/wp\/v2\/media?parent=4002"}],"curies":[{"name":"wp","href":"https:\/\/api.w.org\/{rel}","templated":true}]}}