{"id":4026,"date":"2016-05-19T16:00:35","date_gmt":"2016-05-19T21:00:35","guid":{"rendered":"http:\/\/santistebanasociados.com\/web\/?page_id=4026"},"modified":"2016-06-13T17:09:04","modified_gmt":"2016-06-13T22:09:04","slug":"mision","status":"publish","type":"page","link":"https:\/\/santistebanasociados.com\/web\/mision\/","title":{"rendered":"Misi\u00f3n"},"content":{"rendered":"<p>[vc_row css=&#8221;.vc_custom_1463759184854{padding-right: 30px !important;}&#8221;][vc_column css=&#8221;.vc_custom_1463692339847{padding-right: 30px !important;}&#8221;][vc_column_text]<\/p>\n<p style=\"text-align: justify;\"><strong><a href=\"http:\/\/santistebanasociados.com\/web\/wp-content\/uploads\/2016\/05\/3.jpg\"><img loading=\"lazy\" decoding=\"async\" class=\"wp-image-4459 size-medium alignleft\" src=\"http:\/\/santistebanasociados.com\/web\/wp-content\/uploads\/2016\/05\/3-300x225.jpg\" width=\"300\" height=\"225\" srcset=\"https:\/\/santistebanasociados.com\/web\/wp-content\/uploads\/2016\/05\/3-300x225.jpg 300w, https:\/\/santistebanasociados.com\/web\/wp-content\/uploads\/2016\/05\/3.jpg 447w\" sizes=\"auto, (max-width: 300px) 100vw, 300px\" \/><\/a>Somos\u00a0<\/strong>una firma de <strong>especialistas <\/strong>en derecho comercial, asesor\u00eda jur\u00eddica y contable de empresas, estructuraci\u00f3n de negocios y contrataci\u00f3n comercial local, nacional e internacional. Nuestros profesionales cuentan <strong>con formaci\u00f3n actualizada y experiencia<\/strong> profesional que garantiza a nuestros clientes soluciones integrales con los mayores <strong>est\u00e1ndares de calidad y confiabilidad<\/strong>, agregando nuevas oportunidades de negocios en los servicios de consultor\u00eda legal, asesor\u00eda y asistencia jur\u00eddica integral<\/p>\n<p>[\/vc_column_text][vc_row_inner][vc_column_inner][vc_empty_space][\/vc_column_inner][\/vc_row_inner][\/vc_column][\/vc_row][vc_row css=&#8221;.vc_custom_1463757086426{padding-right: 50px !important;}&#8221;][vc_column width=&#8221;1\/3&#8243;]<div class=\" ubtn-ctn-center \"><a class=\"ubtn-link ult-adjust-bottom-margin ubtn-center ubtn-custom \" href=\"http:\/\/santistebanasociados.com\/web\/index.php\/quienes-somos\/\" ><button type=\"button\" id=\"ubtn-4179\"  class=\"ubtn ult-adjust-bottom-margin ult-responsive ubtn-custom ubtn-fade-bg  none  ubtn-sep-icon ubtn-sep-icon-left  ubtn-center   tooltip-69e41603d6258 ubtn-tooltip bottom\" data-toggle=\"tooltip\" data-placement=\"bottom\" title=\"Qui\u00e9nes Somos\" data-hover=\"#ffffff\" data-border-color=\"\" data-bg=\"#ad252f\" data-hover-bg=\"#5f021f\" data-border-hover=\"\" data-shadow-hover=\"\" data-shadow-click=\"none\" data-shadow=\"\" data-shd-shadow=\"\"  data-ultimate-target='#ubtn-4179'  data-responsive-json-new='{\"font-size\":\"desktop:14px;\",\"line-height\":\"\"}'  style=\"font-weight:normal;width:250px;min-height:40px;padding:px px;border:none;background: #ad252f;color: #ffffff;\"><span class=\"ubtn-data ubtn-icon\"><i class=\"Defaults-chevron-down\" style=\"font-size:18px;color:#ffffff;\"><\/i><\/span><span class=\"ubtn-hover\" style=\"background-color:#5f021f\"><\/span><span class=\"ubtn-data ubtn-text \" >Qui\u00e9nes Somos<\/span><\/button><\/a><\/div>[\/vc_column][vc_column width=&#8221;1\/3&#8243;]<div class=\" ubtn-ctn-center \"><a class=\"ubtn-link ult-adjust-bottom-margin ubtn-center ubtn-custom \" href=\"http:\/\/santistebanasociados.com\/web\/index.php\/vision\/\" ><button type=\"button\" id=\"ubtn-7513\"  class=\"ubtn ult-adjust-bottom-margin ult-responsive ubtn-custom ubtn-fade-bg  none  ubtn-sep-icon ubtn-sep-icon-left  ubtn-center   tooltip-69e41603d62c9 ubtn-tooltip bottom\" data-toggle=\"tooltip\" data-placement=\"bottom\" title=\"Nuestra Visi\u00f3n\" data-hover=\"#ffffff\" data-border-color=\"\" data-bg=\"#ad252f\" data-hover-bg=\"#5f021f\" data-border-hover=\"\" data-shadow-hover=\"\" data-shadow-click=\"none\" data-shadow=\"\" data-shd-shadow=\"\"  data-ultimate-target='#ubtn-7513'  data-responsive-json-new='{\"font-size\":\"desktop:14px;\",\"line-height\":\"\"}'  style=\"font-weight:normal;width:250px;min-height:40px;padding:px px;border:none;background: #ad252f;color: #ffffff;\"><span class=\"ubtn-data ubtn-icon\"><i class=\"Defaults-chevron-down\" style=\"font-size:18px;color:#ffffff;\"><\/i><\/span><span class=\"ubtn-hover\" style=\"background-color:#5f021f\"><\/span><span class=\"ubtn-data ubtn-text \" >Visi\u00f3n<\/span><\/button><\/a><\/div>[\/vc_column][vc_column width=&#8221;1\/3&#8243;]<div class=\" ubtn-ctn-center \"><a class=\"ubtn-link ult-adjust-bottom-margin ubtn-center ubtn-custom \" href=\"http:\/\/santistebanasociados.com\/web\/index.php\/valores\/\" ><button type=\"button\" id=\"ubtn-8156\"  class=\"ubtn ult-adjust-bottom-margin ult-responsive ubtn-custom ubtn-fade-bg  none  ubtn-sep-icon ubtn-sep-icon-left  ubtn-center   tooltip-69e41603d6316 ubtn-tooltip bottom\" data-toggle=\"tooltip\" data-placement=\"bottom\" title=\"Nuestros Valores\" data-hover=\"#ffffff\" data-border-color=\"\" data-bg=\"#ad252f\" data-hover-bg=\"#5f021f\" data-border-hover=\"\" data-shadow-hover=\"\" data-shadow-click=\"none\" data-shadow=\"\" data-shd-shadow=\"\"  data-ultimate-target='#ubtn-8156'  data-responsive-json-new='{\"font-size\":\"desktop:14px;\",\"line-height\":\"\"}'  style=\"font-weight:normal;width:250px;min-height:40px;padding:px px;border:none;background: #ad252f;color: #ffffff;\"><span class=\"ubtn-data ubtn-icon\"><i class=\"Defaults-chevron-down\" style=\"font-size:18px;color:#ffffff;\"><\/i><\/span><span class=\"ubtn-hover\" style=\"background-color:#5f021f\"><\/span><span class=\"ubtn-data ubtn-text \" >Valores<\/span><\/button><\/a><\/div>[\/vc_column][\/vc_row]<\/p>\n","protected":false},"excerpt":{"rendered":"<p>[vc_row css=&#8221;.vc_custom_1463759184854{padding-right: 30px !important;}&#8221;][vc_column css=&#8221;.vc_custom_1463692339847{padding-right: 30px !important;}&#8221;][vc_column_text] Somos\u00a0una firma de especialistas en derecho comercial, asesor\u00eda jur\u00eddica y contable de empresas, estructuraci\u00f3n de negocios y contrataci\u00f3n comercial local, nacional e internacional. Nuestros profesionales cuentan con formaci\u00f3n actualizada y experiencia profesional que garantiza a nuestros clientes soluciones integrales con los mayores est\u00e1ndares de calidad y confiabilidad, agregando [&hellip;]<\/p>\n","protected":false},"author":1,"featured_media":0,"parent":0,"menu_order":0,"comment_status":"closed","ping_status":"closed","template":"","meta":{"footnotes":""},"class_list":["post-4026","page","type-page","status-publish","hentry"],"yoast_head":"<!-- This site is optimized with the Yoast SEO plugin v22.1 - https:\/\/yoast.com\/wordpress\/plugins\/seo\/ -->\n<title>Misi\u00f3n - Santisteban &amp; Asociados<\/title>\n<meta name=\"robots\" content=\"noindex, follow, max-snippet:-1, max-image-preview:large, max-video-preview:-1\" \/>\n<meta property=\"og:locale\" content=\"es_ES\" \/>\n<meta property=\"og:type\" content=\"article\" \/>\n<meta property=\"og:title\" content=\"Misi\u00f3n - Santisteban &amp; Asociados\" \/>\n<meta property=\"og:description\" content=\"[vc_row css=&#8221;.vc_custom_1463759184854{padding-right: 30px !important;}&#8221;][vc_column css=&#8221;.vc_custom_1463692339847{padding-right: 30px !important;}&#8221;][vc_column_text] Somos\u00a0una firma de especialistas en derecho comercial, asesor\u00eda jur\u00eddica y contable de empresas, estructuraci\u00f3n de negocios y contrataci\u00f3n comercial local, nacional e internacional. Nuestros profesionales cuentan con formaci\u00f3n actualizada y experiencia profesional que garantiza a nuestros clientes soluciones integrales con los mayores est\u00e1ndares de calidad y confiabilidad, agregando [&hellip;]\" \/>\n<meta property=\"og:url\" content=\"https:\/\/santistebanasociados.com\/web\/mision\/\" \/>\n<meta property=\"og:site_name\" content=\"Santisteban &amp; Asociados\" \/>\n<meta property=\"article:modified_time\" content=\"2016-06-13T22:09:04+00:00\" \/>\n<meta property=\"og:image\" content=\"http:\/\/santistebanasociados.com\/web\/wp-content\/uploads\/2016\/05\/3-300x225.jpg\" \/>\n<meta name=\"twitter:card\" content=\"summary_large_image\" \/>\n<meta name=\"twitter:label1\" content=\"Est. reading time\" \/>\n\t<meta name=\"twitter:data1\" content=\"2 minutes\" \/>\n<script type=\"application\/ld+json\" class=\"yoast-schema-graph\">{\"@context\":\"https:\/\/schema.org\",\"@graph\":[{\"@type\":\"WebPage\",\"@id\":\"https:\/\/santistebanasociados.com\/web\/mision\/\",\"url\":\"https:\/\/santistebanasociados.com\/web\/mision\/\",\"name\":\"Misi\u00f3n - Santisteban &amp; Asociados\",\"isPartOf\":{\"@id\":\"https:\/\/santistebanasociados.com\/web\/#website\"},\"datePublished\":\"2016-05-19T21:00:35+00:00\",\"dateModified\":\"2016-06-13T22:09:04+00:00\",\"breadcrumb\":{\"@id\":\"https:\/\/santistebanasociados.com\/web\/mision\/#breadcrumb\"},\"inLanguage\":\"es-ES\",\"potentialAction\":[{\"@type\":\"ReadAction\",\"target\":[\"https:\/\/santistebanasociados.com\/web\/mision\/\"]}]},{\"@type\":\"BreadcrumbList\",\"@id\":\"https:\/\/santistebanasociados.com\/web\/mision\/#breadcrumb\",\"itemListElement\":[{\"@type\":\"ListItem\",\"position\":1,\"name\":\"Portada\",\"item\":\"https:\/\/santistebanasociados.com\/web\/\"},{\"@type\":\"ListItem\",\"position\":2,\"name\":\"Misi\u00f3n\"}]},{\"@type\":\"WebSite\",\"@id\":\"https:\/\/santistebanasociados.com\/web\/#website\",\"url\":\"https:\/\/santistebanasociados.com\/web\/\",\"name\":\"Santisteban &amp; Asociados\",\"description\":\"Servicios Legales Corporativos\",\"potentialAction\":[{\"@type\":\"SearchAction\",\"target\":{\"@type\":\"EntryPoint\",\"urlTemplate\":\"https:\/\/santistebanasociados.com\/web\/?s={search_term_string}\"},\"query-input\":\"required name=search_term_string\"}],\"inLanguage\":\"es-ES\"}]}<\/script>\n<!-- \/ Yoast SEO plugin. -->","yoast_head_json":{"title":"Misi\u00f3n - Santisteban &amp; Asociados","robots":{"index":"noindex","follow":"follow","max-snippet":"max-snippet:-1","max-image-preview":"max-image-preview:large","max-video-preview":"max-video-preview:-1"},"og_locale":"es_ES","og_type":"article","og_title":"Misi\u00f3n - Santisteban &amp; Asociados","og_description":"[vc_row css=&#8221;.vc_custom_1463759184854{padding-right: 30px !important;}&#8221;][vc_column css=&#8221;.vc_custom_1463692339847{padding-right: 30px !important;}&#8221;][vc_column_text] Somos\u00a0una firma de especialistas en derecho comercial, asesor\u00eda jur\u00eddica y contable de empresas, estructuraci\u00f3n de negocios y contrataci\u00f3n comercial local, nacional e internacional. Nuestros profesionales cuentan con formaci\u00f3n actualizada y experiencia profesional que garantiza a nuestros clientes soluciones integrales con los mayores est\u00e1ndares de calidad y confiabilidad, agregando [&hellip;]","og_url":"https:\/\/santistebanasociados.com\/web\/mision\/","og_site_name":"Santisteban &amp; Asociados","article_modified_time":"2016-06-13T22:09:04+00:00","og_image":[{"url":"http:\/\/santistebanasociados.com\/web\/wp-content\/uploads\/2016\/05\/3-300x225.jpg"}],"twitter_card":"summary_large_image","twitter_misc":{"Est. reading time":"2 minutes"},"schema":{"@context":"https:\/\/schema.org","@graph":[{"@type":"WebPage","@id":"https:\/\/santistebanasociados.com\/web\/mision\/","url":"https:\/\/santistebanasociados.com\/web\/mision\/","name":"Misi\u00f3n - Santisteban &amp; Asociados","isPartOf":{"@id":"https:\/\/santistebanasociados.com\/web\/#website"},"datePublished":"2016-05-19T21:00:35+00:00","dateModified":"2016-06-13T22:09:04+00:00","breadcrumb":{"@id":"https:\/\/santistebanasociados.com\/web\/mision\/#breadcrumb"},"inLanguage":"es-ES","potentialAction":[{"@type":"ReadAction","target":["https:\/\/santistebanasociados.com\/web\/mision\/"]}]},{"@type":"BreadcrumbList","@id":"https:\/\/santistebanasociados.com\/web\/mision\/#breadcrumb","itemListElement":[{"@type":"ListItem","position":1,"name":"Portada","item":"https:\/\/santistebanasociados.com\/web\/"},{"@type":"ListItem","position":2,"name":"Misi\u00f3n"}]},{"@type":"WebSite","@id":"https:\/\/santistebanasociados.com\/web\/#website","url":"https:\/\/santistebanasociados.com\/web\/","name":"Santisteban &amp; Asociados","description":"Servicios Legales Corporativos","potentialAction":[{"@type":"SearchAction","target":{"@type":"EntryPoint","urlTemplate":"https:\/\/santistebanasociados.com\/web\/?s={search_term_string}"},"query-input":"required name=search_term_string"}],"inLanguage":"es-ES"}]}},"_links":{"self":[{"href":"https:\/\/santistebanasociados.com\/web\/wp-json\/wp\/v2\/pages\/4026","targetHints":{"allow":["GET"]}}],"collection":[{"href":"https:\/\/santistebanasociados.com\/web\/wp-json\/wp\/v2\/pages"}],"about":[{"href":"https:\/\/santistebanasociados.com\/web\/wp-json\/wp\/v2\/types\/page"}],"author":[{"embeddable":true,"href":"https:\/\/santistebanasociados.com\/web\/wp-json\/wp\/v2\/users\/1"}],"replies":[{"embeddable":true,"href":"https:\/\/santistebanasociados.com\/web\/wp-json\/wp\/v2\/comments?post=4026"}],"version-history":[{"count":18,"href":"https:\/\/santistebanasociados.com\/web\/wp-json\/wp\/v2\/pages\/4026\/revisions"}],"predecessor-version":[{"id":4462,"href":"https:\/\/santistebanasociados.com\/web\/wp-json\/wp\/v2\/pages\/4026\/revisions\/4462"}],"wp:attachment":[{"href":"https:\/\/santistebanasociados.com\/web\/wp-json\/wp\/v2\/media?parent=4026"}],"curies":[{"name":"wp","href":"https:\/\/api.w.org\/{rel}","templated":true}]}}