{"id":4035,"date":"2016-05-19T16:14:58","date_gmt":"2016-05-19T21:14:58","guid":{"rendered":"http:\/\/santistebanasociados.com\/web\/?page_id=4035"},"modified":"2016-06-13T17:16:57","modified_gmt":"2016-06-13T22:16:57","slug":"vision","status":"publish","type":"page","link":"https:\/\/santistebanasociados.com\/web\/vision\/","title":{"rendered":"Visi\u00f3n"},"content":{"rendered":"<p>[vc_row css=&#8221;.vc_custom_1463757848509{padding-right: 30px !important;}&#8221;][vc_column css=&#8221;.vc_custom_1463692517112{padding-right: 30px !important;}&#8221;][vc_column_text]<\/p>\n<p style=\"text-align: justify;\"><a href=\"http:\/\/santistebanasociados.com\/web\/wp-content\/uploads\/2016\/05\/5-1.jpg\"><img loading=\"lazy\" decoding=\"async\" class=\"size-medium wp-image-4465 alignleft\" src=\"http:\/\/santistebanasociados.com\/web\/wp-content\/uploads\/2016\/05\/5-1-300x225.jpg\" alt=\"5\" width=\"300\" height=\"225\" srcset=\"https:\/\/santistebanasociados.com\/web\/wp-content\/uploads\/2016\/05\/5-1-300x225.jpg 300w, https:\/\/santistebanasociados.com\/web\/wp-content\/uploads\/2016\/05\/5-1-768x576.jpg 768w, https:\/\/santistebanasociados.com\/web\/wp-content\/uploads\/2016\/05\/5-1-1024x768.jpg 1024w, https:\/\/santistebanasociados.com\/web\/wp-content\/uploads\/2016\/05\/5-1-600x450.jpg 600w, https:\/\/santistebanasociados.com\/web\/wp-content\/uploads\/2016\/05\/5-1-463x348.jpg 463w\" sizes=\"auto, (max-width: 300px) 100vw, 300px\" \/><\/a>En el 2017 <strong>nuestra organizaci\u00f3n<\/strong> estar\u00e1 posicionada como una de las 30 mejores firmas de profesionales especialistas en asesor\u00eda corporativa, jur\u00eddica, y contable en Colombia. <strong>Con el compromiso de todos nuestros colaboradores<\/strong>, tecnolog\u00eda de punta y actualizaci\u00f3n legal, lograremos m\u00ednimo un (1) reconocimiento de sistemas de calidad o excelencia, en gremios o asociaciones en el \u00e1mbito nacional o internacional.<\/p>\n<p>[\/vc_column_text][vc_empty_space height=&#8221;70&#8243;][\/vc_column][\/vc_row][vc_row css=&#8221;.vc_custom_1463757086426{padding-right: 50px !important;}&#8221;][vc_column width=&#8221;1\/3&#8243;]<div class=\" ubtn-ctn-center \"><a class=\"ubtn-link ult-adjust-bottom-margin ubtn-center ubtn-custom \" href=\"http:\/\/santistebanasociados.com\/web\/index.php\/quienes-somos\/\" ><button type=\"button\" id=\"ubtn-6907\"  class=\"ubtn ult-adjust-bottom-margin ult-responsive ubtn-custom ubtn-fade-bg  none  ubtn-sep-icon ubtn-sep-icon-left  ubtn-center   tooltip-69e41661ced0c ubtn-tooltip bottom\" data-toggle=\"tooltip\" data-placement=\"bottom\" title=\"Qui\u00e9nes Somos\" data-hover=\"#ffffff\" data-border-color=\"\" data-bg=\"#ad252f\" data-hover-bg=\"#5f021f\" data-border-hover=\"\" data-shadow-hover=\"\" data-shadow-click=\"none\" data-shadow=\"\" data-shd-shadow=\"\"  data-ultimate-target='#ubtn-6907'  data-responsive-json-new='{\"font-size\":\"desktop:14px;\",\"line-height\":\"\"}'  style=\"font-weight:normal;width:250px;min-height:40px;padding:px px;border:none;background: #ad252f;color: #ffffff;\"><span class=\"ubtn-data ubtn-icon\"><i class=\"Defaults-chevron-down\" style=\"font-size:18px;color:#ffffff;\"><\/i><\/span><span class=\"ubtn-hover\" style=\"background-color:#5f021f\"><\/span><span class=\"ubtn-data ubtn-text \" >Qui\u00e9nes Somos<\/span><\/button><\/a><\/div>[\/vc_column][vc_column width=&#8221;1\/3&#8243;]<div class=\" ubtn-ctn-center \"><a class=\"ubtn-link ult-adjust-bottom-margin ubtn-center ubtn-custom \" href=\"http:\/\/santistebanasociados.com\/web\/index.php\/mision\/\" ><button type=\"button\" id=\"ubtn-3143\"  class=\"ubtn ult-adjust-bottom-margin ult-responsive ubtn-custom ubtn-fade-bg  none  ubtn-sep-icon ubtn-sep-icon-left  ubtn-center   tooltip-69e41661ced7b ubtn-tooltip bottom\" data-toggle=\"tooltip\" data-placement=\"bottom\" title=\"Nuestra Misi\u00f3n\" data-hover=\"#ffffff\" data-border-color=\"\" data-bg=\"#ad252f\" data-hover-bg=\"#5f021f\" data-border-hover=\"\" data-shadow-hover=\"\" data-shadow-click=\"none\" data-shadow=\"\" data-shd-shadow=\"\"  data-ultimate-target='#ubtn-3143'  data-responsive-json-new='{\"font-size\":\"desktop:14px;\",\"line-height\":\"\"}'  style=\"font-weight:normal;width:250px;min-height:40px;padding:px px;border:none;background: #ad252f;color: #ffffff;\"><span class=\"ubtn-data ubtn-icon\"><i class=\"Defaults-chevron-down\" style=\"font-size:18px;color:#ffffff;\"><\/i><\/span><span class=\"ubtn-hover\" style=\"background-color:#5f021f\"><\/span><span class=\"ubtn-data ubtn-text \" >Misi\u00f3n<\/span><\/button><\/a><\/div>[\/vc_column][vc_column width=&#8221;1\/3&#8243;]<div class=\" ubtn-ctn-center \"><a class=\"ubtn-link ult-adjust-bottom-margin ubtn-center ubtn-custom \" href=\"http:\/\/santistebanasociados.com\/web\/index.php\/valores\/\" ><button type=\"button\" id=\"ubtn-8207\"  class=\"ubtn ult-adjust-bottom-margin ult-responsive ubtn-custom ubtn-fade-bg  none  ubtn-sep-icon ubtn-sep-icon-left  ubtn-center   tooltip-69e41661cedd6 ubtn-tooltip bottom\" data-toggle=\"tooltip\" data-placement=\"bottom\" title=\"Nuestros Valores\" data-hover=\"#ffffff\" data-border-color=\"\" data-bg=\"#ad252f\" data-hover-bg=\"#5f021f\" data-border-hover=\"\" data-shadow-hover=\"\" data-shadow-click=\"none\" data-shadow=\"\" data-shd-shadow=\"\"  data-ultimate-target='#ubtn-8207'  data-responsive-json-new='{\"font-size\":\"desktop:14px;\",\"line-height\":\"\"}'  style=\"font-weight:normal;width:250px;min-height:40px;padding:px px;border:none;background: #ad252f;color: #ffffff;\"><span class=\"ubtn-data ubtn-icon\"><i class=\"Defaults-chevron-down\" style=\"font-size:18px;color:#ffffff;\"><\/i><\/span><span class=\"ubtn-hover\" style=\"background-color:#5f021f\"><\/span><span class=\"ubtn-data ubtn-text \" >Valores<\/span><\/button><\/a><\/div>[\/vc_column][\/vc_row]<\/p>\n","protected":false},"excerpt":{"rendered":"<p>[vc_row css=&#8221;.vc_custom_1463757848509{padding-right: 30px !important;}&#8221;][vc_column css=&#8221;.vc_custom_1463692517112{padding-right: 30px !important;}&#8221;][vc_column_text] En el 2017 nuestra organizaci\u00f3n estar\u00e1 posicionada como una de las 30 mejores firmas de profesionales especialistas en asesor\u00eda corporativa, jur\u00eddica, y contable en Colombia. Con el compromiso de todos nuestros colaboradores, tecnolog\u00eda de punta y actualizaci\u00f3n legal, lograremos m\u00ednimo un (1) reconocimiento de sistemas de calidad o [&hellip;]<\/p>\n","protected":false},"author":1,"featured_media":0,"parent":0,"menu_order":0,"comment_status":"closed","ping_status":"closed","template":"","meta":{"footnotes":""},"class_list":["post-4035","page","type-page","status-publish","hentry"],"yoast_head":"<!-- This site is optimized with the Yoast SEO plugin v22.1 - https:\/\/yoast.com\/wordpress\/plugins\/seo\/ -->\n<title>Visi\u00f3n - Santisteban &amp; Asociados<\/title>\n<meta name=\"robots\" content=\"noindex, follow, max-snippet:-1, max-image-preview:large, max-video-preview:-1\" \/>\n<meta property=\"og:locale\" content=\"es_ES\" \/>\n<meta property=\"og:type\" content=\"article\" \/>\n<meta property=\"og:title\" content=\"Visi\u00f3n - Santisteban &amp; Asociados\" \/>\n<meta property=\"og:description\" content=\"[vc_row css=&#8221;.vc_custom_1463757848509{padding-right: 30px !important;}&#8221;][vc_column css=&#8221;.vc_custom_1463692517112{padding-right: 30px !important;}&#8221;][vc_column_text] En el 2017 nuestra organizaci\u00f3n estar\u00e1 posicionada como una de las 30 mejores firmas de profesionales especialistas en asesor\u00eda corporativa, jur\u00eddica, y contable en Colombia. Con el compromiso de todos nuestros colaboradores, tecnolog\u00eda de punta y actualizaci\u00f3n legal, lograremos m\u00ednimo un (1) reconocimiento de sistemas de calidad o [&hellip;]\" \/>\n<meta property=\"og:url\" content=\"https:\/\/santistebanasociados.com\/web\/vision\/\" \/>\n<meta property=\"og:site_name\" content=\"Santisteban &amp; Asociados\" \/>\n<meta property=\"article:modified_time\" content=\"2016-06-13T22:16:57+00:00\" \/>\n<meta property=\"og:image\" content=\"http:\/\/santistebanasociados.com\/web\/wp-content\/uploads\/2016\/05\/5-1-300x225.jpg\" \/>\n<meta name=\"twitter:card\" content=\"summary_large_image\" \/>\n<meta name=\"twitter:label1\" content=\"Est. reading time\" \/>\n\t<meta name=\"twitter:data1\" content=\"2 minutes\" \/>\n<script type=\"application\/ld+json\" class=\"yoast-schema-graph\">{\"@context\":\"https:\/\/schema.org\",\"@graph\":[{\"@type\":\"WebPage\",\"@id\":\"https:\/\/santistebanasociados.com\/web\/vision\/\",\"url\":\"https:\/\/santistebanasociados.com\/web\/vision\/\",\"name\":\"Visi\u00f3n - Santisteban &amp; Asociados\",\"isPartOf\":{\"@id\":\"https:\/\/santistebanasociados.com\/web\/#website\"},\"datePublished\":\"2016-05-19T21:14:58+00:00\",\"dateModified\":\"2016-06-13T22:16:57+00:00\",\"breadcrumb\":{\"@id\":\"https:\/\/santistebanasociados.com\/web\/vision\/#breadcrumb\"},\"inLanguage\":\"es-ES\",\"potentialAction\":[{\"@type\":\"ReadAction\",\"target\":[\"https:\/\/santistebanasociados.com\/web\/vision\/\"]}]},{\"@type\":\"BreadcrumbList\",\"@id\":\"https:\/\/santistebanasociados.com\/web\/vision\/#breadcrumb\",\"itemListElement\":[{\"@type\":\"ListItem\",\"position\":1,\"name\":\"Portada\",\"item\":\"https:\/\/santistebanasociados.com\/web\/\"},{\"@type\":\"ListItem\",\"position\":2,\"name\":\"Visi\u00f3n\"}]},{\"@type\":\"WebSite\",\"@id\":\"https:\/\/santistebanasociados.com\/web\/#website\",\"url\":\"https:\/\/santistebanasociados.com\/web\/\",\"name\":\"Santisteban &amp; Asociados\",\"description\":\"Servicios Legales Corporativos\",\"potentialAction\":[{\"@type\":\"SearchAction\",\"target\":{\"@type\":\"EntryPoint\",\"urlTemplate\":\"https:\/\/santistebanasociados.com\/web\/?s={search_term_string}\"},\"query-input\":\"required name=search_term_string\"}],\"inLanguage\":\"es-ES\"}]}<\/script>\n<!-- \/ Yoast SEO plugin. -->","yoast_head_json":{"title":"Visi\u00f3n - Santisteban &amp; Asociados","robots":{"index":"noindex","follow":"follow","max-snippet":"max-snippet:-1","max-image-preview":"max-image-preview:large","max-video-preview":"max-video-preview:-1"},"og_locale":"es_ES","og_type":"article","og_title":"Visi\u00f3n - Santisteban &amp; Asociados","og_description":"[vc_row css=&#8221;.vc_custom_1463757848509{padding-right: 30px !important;}&#8221;][vc_column css=&#8221;.vc_custom_1463692517112{padding-right: 30px !important;}&#8221;][vc_column_text] En el 2017 nuestra organizaci\u00f3n estar\u00e1 posicionada como una de las 30 mejores firmas de profesionales especialistas en asesor\u00eda corporativa, jur\u00eddica, y contable en Colombia. Con el compromiso de todos nuestros colaboradores, tecnolog\u00eda de punta y actualizaci\u00f3n legal, lograremos m\u00ednimo un (1) reconocimiento de sistemas de calidad o [&hellip;]","og_url":"https:\/\/santistebanasociados.com\/web\/vision\/","og_site_name":"Santisteban &amp; Asociados","article_modified_time":"2016-06-13T22:16:57+00:00","og_image":[{"url":"http:\/\/santistebanasociados.com\/web\/wp-content\/uploads\/2016\/05\/5-1-300x225.jpg"}],"twitter_card":"summary_large_image","twitter_misc":{"Est. reading time":"2 minutes"},"schema":{"@context":"https:\/\/schema.org","@graph":[{"@type":"WebPage","@id":"https:\/\/santistebanasociados.com\/web\/vision\/","url":"https:\/\/santistebanasociados.com\/web\/vision\/","name":"Visi\u00f3n - Santisteban &amp; Asociados","isPartOf":{"@id":"https:\/\/santistebanasociados.com\/web\/#website"},"datePublished":"2016-05-19T21:14:58+00:00","dateModified":"2016-06-13T22:16:57+00:00","breadcrumb":{"@id":"https:\/\/santistebanasociados.com\/web\/vision\/#breadcrumb"},"inLanguage":"es-ES","potentialAction":[{"@type":"ReadAction","target":["https:\/\/santistebanasociados.com\/web\/vision\/"]}]},{"@type":"BreadcrumbList","@id":"https:\/\/santistebanasociados.com\/web\/vision\/#breadcrumb","itemListElement":[{"@type":"ListItem","position":1,"name":"Portada","item":"https:\/\/santistebanasociados.com\/web\/"},{"@type":"ListItem","position":2,"name":"Visi\u00f3n"}]},{"@type":"WebSite","@id":"https:\/\/santistebanasociados.com\/web\/#website","url":"https:\/\/santistebanasociados.com\/web\/","name":"Santisteban &amp; Asociados","description":"Servicios Legales Corporativos","potentialAction":[{"@type":"SearchAction","target":{"@type":"EntryPoint","urlTemplate":"https:\/\/santistebanasociados.com\/web\/?s={search_term_string}"},"query-input":"required name=search_term_string"}],"inLanguage":"es-ES"}]}},"_links":{"self":[{"href":"https:\/\/santistebanasociados.com\/web\/wp-json\/wp\/v2\/pages\/4035","targetHints":{"allow":["GET"]}}],"collection":[{"href":"https:\/\/santistebanasociados.com\/web\/wp-json\/wp\/v2\/pages"}],"about":[{"href":"https:\/\/santistebanasociados.com\/web\/wp-json\/wp\/v2\/types\/page"}],"author":[{"embeddable":true,"href":"https:\/\/santistebanasociados.com\/web\/wp-json\/wp\/v2\/users\/1"}],"replies":[{"embeddable":true,"href":"https:\/\/santistebanasociados.com\/web\/wp-json\/wp\/v2\/comments?post=4035"}],"version-history":[{"count":13,"href":"https:\/\/santistebanasociados.com\/web\/wp-json\/wp\/v2\/pages\/4035\/revisions"}],"predecessor-version":[{"id":4471,"href":"https:\/\/santistebanasociados.com\/web\/wp-json\/wp\/v2\/pages\/4035\/revisions\/4471"}],"wp:attachment":[{"href":"https:\/\/santistebanasociados.com\/web\/wp-json\/wp\/v2\/media?parent=4035"}],"curies":[{"name":"wp","href":"https:\/\/api.w.org\/{rel}","templated":true}]}}