{"id":4039,"date":"2016-05-19T16:22:27","date_gmt":"2016-05-19T21:22:27","guid":{"rendered":"http:\/\/santistebanasociados.com\/web\/?page_id=4039"},"modified":"2016-06-13T17:17:46","modified_gmt":"2016-06-13T22:17:46","slug":"valores","status":"publish","type":"page","link":"https:\/\/santistebanasociados.com\/web\/valores\/","title":{"rendered":"Valores"},"content":{"rendered":"<p>[vc_row css=&#8221;.vc_custom_1463758281830{padding-right: 30px !important;}&#8221;][vc_column width=&#8221;1\/3&#8243; css=&#8221;.vc_custom_1463692847695{padding-right: 15px !important;}&#8221;][vc_column_text]<\/p>\n<h5 style=\"text-align: justify;\"><span style=\"color: #a52231;\"><strong>Responsabilidad<\/strong><\/span><\/h5>\n<p style=\"text-align: justify;\">Cumplimiento de las <span style=\"color: #000000;\">obligaciones<\/span> o cuidado al hacer o decidir algo, o bien una forma de responder que implica el claro conocimiento\u00a0de que los resultados de cumplir o no las obligaciones, recaen sobre uno mismo.<\/p>\n<p>[\/vc_column_text][\/vc_column][vc_column width=&#8221;1\/3&#8243;][vc_column_text css=&#8221;.vc_custom_1463693284754{padding-right: 15px !important;padding-left: 15px !important;}&#8221;]<\/p>\n<h5 style=\"text-align: left;\"><span style=\"color: #a52231;\"><strong>Liderazgo participativo<\/strong><\/span><\/h5>\n<p style=\"text-align: justify;\">La direcci\u00f3n participativa se basa en un concepto positivo de la posici\u00f3n existencial: &#8220;yo estoy bien- t\u00fa est\u00e1s bien&#8221;. Se considera que la gente es buena en general, aspira a lo mejor y la manera de llegar grandes logros\u00a0es encaminar los esfuerzos de todos hacia un fin com\u00fan.<\/p>\n<p>[\/vc_column_text][\/vc_column][vc_column width=&#8221;1\/3&#8243; css=&#8221;.vc_custom_1463692898968{padding-left: 15px !important;}&#8221;][vc_column_text]<\/p>\n<h5 style=\"text-align: left;\"><span style=\"color: #a52231;\"><strong>Solidaridad<\/strong><\/span><\/h5>\n<p style=\"text-align: justify;\">Describe la adhesi\u00f3n de modo circunstancial a una causa o a proyectos de terceros. El t\u00e9rmino se utiliza en forma habitual para denominar una\u00a0acci\u00f3n de perfil dadivoso o bienintencionado.<\/p>\n<p>[\/vc_column_text][\/vc_column][\/vc_row][vc_row css=&#8221;.vc_custom_1463758296681{padding-right: 30px !important;}&#8221;][vc_column width=&#8221;1\/3&#8243; css=&#8221;.vc_custom_1463692907754{padding-right: 15px !important;}&#8221;][vc_column_text]<\/p>\n<h5 style=\"text-align: left;\"><span style=\"color: #a52231;\"><strong>Confianza<\/strong><\/span><\/h5>\n<p style=\"text-align: justify;\">Hip\u00f3tesis\u00a0que se realiza sobre la conducta futura del pr\u00f3jimo. Se trata de una creencia que estima que una\u00a0persona\u00a0ser\u00e1 capaz de actuar de una cierta manera frente a una determina situaci\u00f3n<\/p>\n<p>[\/vc_column_text][\/vc_column][vc_column width=&#8221;1\/3&#8243; css=&#8221;.vc_custom_1463692916886{padding-right: 15px !important;padding-left: 15px !important;}&#8221;][vc_column_text]<\/p>\n<h5><span style=\"color: #a52231;\"><strong>Conciencia social y ambiental<\/strong><\/span><\/h5>\n<p style=\"text-align: justify;\">Conocimiento\u00a0que una persona tiene sobre el estado de los dem\u00e1s integrantes de su comunidad. El individuo con conciencia social y ambiental es, justamente, consiente de c\u00f3mo el entorno puede favorecer o perjudicar el desarrollo de las personas.<\/p>\n<p>[\/vc_column_text][\/vc_column][vc_column width=&#8221;1\/3&#8243; css=&#8221;.vc_custom_1463692940126{padding-left: 15px !important;}&#8221;][vc_column_text]<\/p>\n<h5 style=\"text-align: left;\"><span style=\"color: #a52231;\"><strong>Honestidad<\/strong><\/span><\/h5>\n<p style=\"text-align: justify;\">Tambi\u00e9n llamado\u00a0honradez\u00a0es el valor de decir la verdad, ser decente, recatado, razonable, justo, honrado y honesto. Se refiere a la cualidad con la cual se designa a aquella persona que se muestra, tanto en su obrar como en su manera de pensar, como justa, recta e \u00edntegra<\/p>\n<p>[\/vc_column_text][\/vc_column][\/vc_row][vc_row css=&#8221;.vc_custom_1463758326997{padding-right: 30px !important;}&#8221;][vc_column width=&#8221;1\/3&#8243;]<div class=\" ubtn-ctn-center \"><a class=\"ubtn-link ult-adjust-bottom-margin ubtn-center ubtn-custom \" href=\"http:\/\/santistebanasociados.com\/web\/index.php\/quienes-somos\/\" ><button type=\"button\" id=\"ubtn-7452\"  class=\"ubtn ult-adjust-bottom-margin ult-responsive ubtn-custom ubtn-fade-bg  none  ubtn-sep-icon ubtn-sep-icon-left  ubtn-center   tooltip-69e41661e8aee ubtn-tooltip bottom\" data-toggle=\"tooltip\" data-placement=\"bottom\" title=\"Qui\u00e9nes Somos\" data-hover=\"#ffffff\" data-border-color=\"\" data-bg=\"#ad252f\" data-hover-bg=\"#5f021f\" data-border-hover=\"\" data-shadow-hover=\"\" data-shadow-click=\"none\" data-shadow=\"\" data-shd-shadow=\"\"  data-ultimate-target='#ubtn-7452'  data-responsive-json-new='{\"font-size\":\"desktop:14px;\",\"line-height\":\"\"}'  style=\"font-weight:normal;width:250px;min-height:40px;padding:px px;border:none;background: #ad252f;color: #ffffff;\"><span class=\"ubtn-data ubtn-icon\"><i class=\"Defaults-chevron-down\" style=\"font-size:18px;color:#ffffff;\"><\/i><\/span><span class=\"ubtn-hover\" style=\"background-color:#5f021f\"><\/span><span class=\"ubtn-data ubtn-text \" >Qui\u00e9nes Somos<\/span><\/button><\/a><\/div>[\/vc_column][vc_column width=&#8221;1\/3&#8243;]<div class=\" ubtn-ctn-center \"><a class=\"ubtn-link ult-adjust-bottom-margin ubtn-center ubtn-custom \" href=\"http:\/\/santistebanasociados.com\/web\/index.php\/mision\/\" ><button type=\"button\" id=\"ubtn-2206\"  class=\"ubtn ult-adjust-bottom-margin ult-responsive ubtn-custom ubtn-fade-bg  none  ubtn-sep-icon ubtn-sep-icon-left  ubtn-center   tooltip-69e41661e8b60 ubtn-tooltip bottom\" data-toggle=\"tooltip\" data-placement=\"bottom\" title=\"Nuestra Misi\u00f3n\" data-hover=\"#ffffff\" data-border-color=\"\" data-bg=\"#ad252f\" data-hover-bg=\"#5f021f\" data-border-hover=\"\" data-shadow-hover=\"\" data-shadow-click=\"none\" data-shadow=\"\" data-shd-shadow=\"\"  data-ultimate-target='#ubtn-2206'  data-responsive-json-new='{\"font-size\":\"desktop:14px;\",\"line-height\":\"\"}'  style=\"font-weight:normal;width:250px;min-height:40px;padding:px px;border:none;background: #ad252f;color: #ffffff;\"><span class=\"ubtn-data ubtn-icon\"><i class=\"Defaults-chevron-down\" style=\"font-size:18px;color:#ffffff;\"><\/i><\/span><span class=\"ubtn-hover\" style=\"background-color:#5f021f\"><\/span><span class=\"ubtn-data ubtn-text \" >Misi\u00f3n<\/span><\/button><\/a><\/div>[\/vc_column][vc_column width=&#8221;1\/3&#8243;]<div class=\" ubtn-ctn-center \"><a class=\"ubtn-link ult-adjust-bottom-margin ubtn-center ubtn-custom \" href=\"http:\/\/santistebanasociados.com\/web\/index.php\/vision\/\" ><button type=\"button\" id=\"ubtn-9296\"  class=\"ubtn ult-adjust-bottom-margin ult-responsive ubtn-custom ubtn-fade-bg  none  ubtn-sep-icon ubtn-sep-icon-left  ubtn-center   tooltip-69e41661e8bad ubtn-tooltip bottom\" data-toggle=\"tooltip\" data-placement=\"bottom\" title=\"Nuestra Visi\u00f3n\" data-hover=\"#ffffff\" data-border-color=\"\" data-bg=\"#ad252f\" data-hover-bg=\"#5f021f\" data-border-hover=\"\" data-shadow-hover=\"\" data-shadow-click=\"none\" data-shadow=\"\" data-shd-shadow=\"\"  data-ultimate-target='#ubtn-9296'  data-responsive-json-new='{\"font-size\":\"desktop:14px;\",\"line-height\":\"\"}'  style=\"font-weight:normal;width:250px;min-height:40px;padding:px px;border:none;background: #ad252f;color: #ffffff;\"><span class=\"ubtn-data ubtn-icon\"><i class=\"Defaults-chevron-down\" style=\"font-size:18px;color:#ffffff;\"><\/i><\/span><span class=\"ubtn-hover\" style=\"background-color:#5f021f\"><\/span><span class=\"ubtn-data ubtn-text \" >Visi\u00f3n<\/span><\/button><\/a><\/div>[\/vc_column][\/vc_row]<\/p>\n","protected":false},"excerpt":{"rendered":"<p>[vc_row css=&#8221;.vc_custom_1463758281830{padding-right: 30px !important;}&#8221;][vc_column width=&#8221;1\/3&#8243; css=&#8221;.vc_custom_1463692847695{padding-right: 15px !important;}&#8221;][vc_column_text] Responsabilidad Cumplimiento de las obligaciones o cuidado al hacer o decidir algo, o bien una forma de responder que implica el claro conocimiento\u00a0de que los resultados de cumplir o no las obligaciones, recaen sobre uno mismo. [\/vc_column_text][\/vc_column][vc_column width=&#8221;1\/3&#8243;][vc_column_text css=&#8221;.vc_custom_1463693284754{padding-right: 15px !important;padding-left: 15px !important;}&#8221;] Liderazgo participativo La direcci\u00f3n [&hellip;]<\/p>\n","protected":false},"author":1,"featured_media":0,"parent":0,"menu_order":0,"comment_status":"closed","ping_status":"closed","template":"","meta":{"footnotes":""},"class_list":["post-4039","page","type-page","status-publish","hentry"],"yoast_head":"<!-- This site is optimized with the Yoast SEO plugin v22.1 - https:\/\/yoast.com\/wordpress\/plugins\/seo\/ -->\n<title>Valores - Santisteban &amp; Asociados<\/title>\n<meta name=\"robots\" content=\"noindex, follow, max-snippet:-1, max-image-preview:large, max-video-preview:-1\" \/>\n<meta property=\"og:locale\" content=\"es_ES\" \/>\n<meta property=\"og:type\" content=\"article\" \/>\n<meta property=\"og:title\" content=\"Valores - Santisteban &amp; Asociados\" \/>\n<meta property=\"og:description\" content=\"[vc_row css=&#8221;.vc_custom_1463758281830{padding-right: 30px !important;}&#8221;][vc_column width=&#8221;1\/3&#8243; css=&#8221;.vc_custom_1463692847695{padding-right: 15px !important;}&#8221;][vc_column_text] Responsabilidad Cumplimiento de las obligaciones o cuidado al hacer o decidir algo, o bien una forma de responder que implica el claro conocimiento\u00a0de que los resultados de cumplir o no las obligaciones, recaen sobre uno mismo. [\/vc_column_text][\/vc_column][vc_column width=&#8221;1\/3&#8243;][vc_column_text css=&#8221;.vc_custom_1463693284754{padding-right: 15px !important;padding-left: 15px !important;}&#8221;] Liderazgo participativo La direcci\u00f3n [&hellip;]\" \/>\n<meta property=\"og:url\" content=\"https:\/\/santistebanasociados.com\/web\/valores\/\" \/>\n<meta property=\"og:site_name\" content=\"Santisteban &amp; Asociados\" \/>\n<meta property=\"article:modified_time\" content=\"2016-06-13T22:17:46+00:00\" \/>\n<meta name=\"twitter:card\" content=\"summary_large_image\" \/>\n<meta name=\"twitter:label1\" content=\"Est. reading time\" \/>\n\t<meta name=\"twitter:data1\" content=\"3 minutes\" \/>\n<script type=\"application\/ld+json\" class=\"yoast-schema-graph\">{\"@context\":\"https:\/\/schema.org\",\"@graph\":[{\"@type\":\"WebPage\",\"@id\":\"https:\/\/santistebanasociados.com\/web\/valores\/\",\"url\":\"https:\/\/santistebanasociados.com\/web\/valores\/\",\"name\":\"Valores - Santisteban &amp; Asociados\",\"isPartOf\":{\"@id\":\"https:\/\/santistebanasociados.com\/web\/#website\"},\"datePublished\":\"2016-05-19T21:22:27+00:00\",\"dateModified\":\"2016-06-13T22:17:46+00:00\",\"breadcrumb\":{\"@id\":\"https:\/\/santistebanasociados.com\/web\/valores\/#breadcrumb\"},\"inLanguage\":\"es-ES\",\"potentialAction\":[{\"@type\":\"ReadAction\",\"target\":[\"https:\/\/santistebanasociados.com\/web\/valores\/\"]}]},{\"@type\":\"BreadcrumbList\",\"@id\":\"https:\/\/santistebanasociados.com\/web\/valores\/#breadcrumb\",\"itemListElement\":[{\"@type\":\"ListItem\",\"position\":1,\"name\":\"Portada\",\"item\":\"https:\/\/santistebanasociados.com\/web\/\"},{\"@type\":\"ListItem\",\"position\":2,\"name\":\"Valores\"}]},{\"@type\":\"WebSite\",\"@id\":\"https:\/\/santistebanasociados.com\/web\/#website\",\"url\":\"https:\/\/santistebanasociados.com\/web\/\",\"name\":\"Santisteban &amp; Asociados\",\"description\":\"Servicios Legales Corporativos\",\"potentialAction\":[{\"@type\":\"SearchAction\",\"target\":{\"@type\":\"EntryPoint\",\"urlTemplate\":\"https:\/\/santistebanasociados.com\/web\/?s={search_term_string}\"},\"query-input\":\"required name=search_term_string\"}],\"inLanguage\":\"es-ES\"}]}<\/script>\n<!-- \/ Yoast SEO plugin. -->","yoast_head_json":{"title":"Valores - Santisteban &amp; Asociados","robots":{"index":"noindex","follow":"follow","max-snippet":"max-snippet:-1","max-image-preview":"max-image-preview:large","max-video-preview":"max-video-preview:-1"},"og_locale":"es_ES","og_type":"article","og_title":"Valores - Santisteban &amp; Asociados","og_description":"[vc_row css=&#8221;.vc_custom_1463758281830{padding-right: 30px !important;}&#8221;][vc_column width=&#8221;1\/3&#8243; css=&#8221;.vc_custom_1463692847695{padding-right: 15px !important;}&#8221;][vc_column_text] Responsabilidad Cumplimiento de las obligaciones o cuidado al hacer o decidir algo, o bien una forma de responder que implica el claro conocimiento\u00a0de que los resultados de cumplir o no las obligaciones, recaen sobre uno mismo. [\/vc_column_text][\/vc_column][vc_column width=&#8221;1\/3&#8243;][vc_column_text css=&#8221;.vc_custom_1463693284754{padding-right: 15px !important;padding-left: 15px !important;}&#8221;] Liderazgo participativo La direcci\u00f3n [&hellip;]","og_url":"https:\/\/santistebanasociados.com\/web\/valores\/","og_site_name":"Santisteban &amp; Asociados","article_modified_time":"2016-06-13T22:17:46+00:00","twitter_card":"summary_large_image","twitter_misc":{"Est. reading time":"3 minutes"},"schema":{"@context":"https:\/\/schema.org","@graph":[{"@type":"WebPage","@id":"https:\/\/santistebanasociados.com\/web\/valores\/","url":"https:\/\/santistebanasociados.com\/web\/valores\/","name":"Valores - Santisteban &amp; Asociados","isPartOf":{"@id":"https:\/\/santistebanasociados.com\/web\/#website"},"datePublished":"2016-05-19T21:22:27+00:00","dateModified":"2016-06-13T22:17:46+00:00","breadcrumb":{"@id":"https:\/\/santistebanasociados.com\/web\/valores\/#breadcrumb"},"inLanguage":"es-ES","potentialAction":[{"@type":"ReadAction","target":["https:\/\/santistebanasociados.com\/web\/valores\/"]}]},{"@type":"BreadcrumbList","@id":"https:\/\/santistebanasociados.com\/web\/valores\/#breadcrumb","itemListElement":[{"@type":"ListItem","position":1,"name":"Portada","item":"https:\/\/santistebanasociados.com\/web\/"},{"@type":"ListItem","position":2,"name":"Valores"}]},{"@type":"WebSite","@id":"https:\/\/santistebanasociados.com\/web\/#website","url":"https:\/\/santistebanasociados.com\/web\/","name":"Santisteban &amp; Asociados","description":"Servicios Legales Corporativos","potentialAction":[{"@type":"SearchAction","target":{"@type":"EntryPoint","urlTemplate":"https:\/\/santistebanasociados.com\/web\/?s={search_term_string}"},"query-input":"required name=search_term_string"}],"inLanguage":"es-ES"}]}},"_links":{"self":[{"href":"https:\/\/santistebanasociados.com\/web\/wp-json\/wp\/v2\/pages\/4039","targetHints":{"allow":["GET"]}}],"collection":[{"href":"https:\/\/santistebanasociados.com\/web\/wp-json\/wp\/v2\/pages"}],"about":[{"href":"https:\/\/santistebanasociados.com\/web\/wp-json\/wp\/v2\/types\/page"}],"author":[{"embeddable":true,"href":"https:\/\/santistebanasociados.com\/web\/wp-json\/wp\/v2\/users\/1"}],"replies":[{"embeddable":true,"href":"https:\/\/santistebanasociados.com\/web\/wp-json\/wp\/v2\/comments?post=4039"}],"version-history":[{"count":8,"href":"https:\/\/santistebanasociados.com\/web\/wp-json\/wp\/v2\/pages\/4039\/revisions"}],"predecessor-version":[{"id":4082,"href":"https:\/\/santistebanasociados.com\/web\/wp-json\/wp\/v2\/pages\/4039\/revisions\/4082"}],"wp:attachment":[{"href":"https:\/\/santistebanasociados.com\/web\/wp-json\/wp\/v2\/media?parent=4039"}],"curies":[{"name":"wp","href":"https:\/\/api.w.org\/{rel}","templated":true}]}}