{"id":4086,"date":"2016-05-20T10:53:47","date_gmt":"2016-05-20T15:53:47","guid":{"rendered":"http:\/\/santistebanasociados.com\/web\/?page_id=4086"},"modified":"2016-05-20T12:31:53","modified_gmt":"2016-05-20T17:31:53","slug":"derecho-corporativo-fusiones-y-adquisiciones-due-diligence","status":"publish","type":"page","link":"https:\/\/santistebanasociados.com\/web\/derecho-corporativo-fusiones-y-adquisiciones-due-diligence\/","title":{"rendered":"Derecho Corporativo, Fusiones y Adquisiciones, Due Diligence"},"content":{"rendered":"<p>[vc_row css=&#8221;.vc_custom_1463759662142{padding-right: 30px !important;}&#8221;][vc_column][vc_column_text]<\/p>\n<p style=\"text-align: justify;\"><img loading=\"lazy\" decoding=\"async\" class=\"size-medium wp-image-4087 alignleft\" src=\"http:\/\/santistebanasociados.com\/web\/wp-content\/uploads\/2016\/05\/6-300x224.jpg\" alt=\"6\" width=\"300\" height=\"224\" srcset=\"https:\/\/santistebanasociados.com\/web\/wp-content\/uploads\/2016\/05\/6-300x224.jpg 300w, https:\/\/santistebanasociados.com\/web\/wp-content\/uploads\/2016\/05\/6-463x348.jpg 463w, https:\/\/santistebanasociados.com\/web\/wp-content\/uploads\/2016\/05\/6.jpg 500w\" sizes=\"auto, (max-width: 300px) 100vw, 300px\" \/>Ofrecemos servicios integrales de asesor\u00eda jur\u00eddica corporativa y derecho societario,\u00a0 con un equipo humano integrado por profesionales altamente calificados y experimentados en industria y comercio.<\/p>\n<p style=\"text-align: justify;\">Prestamos asesor\u00eda a la medida para la constituci\u00f3n de empresas, sucursales de sociedades extranjeras o creaci\u00f3n de cualquier tipo de veh\u00edculos de inversi\u00f3n en Colombia o en otros pa\u00edses, sean \u00e9stas con capital nacional, extranjero o mixto. Resolvemos con oportunidad y claridad sus inquietudes respecto al modelo m\u00e1s eficiente para dar inicio de operaciones en el pa\u00eds y le recomendamos seg\u00fan su actividad y expectativas comerciales el tipo societario que potencialice el logro eficiente de sus fines de posicionamiento y productividad en el mercado colombiano o extranjero. La estructuraci\u00f3n de esquemas corporativos para el mejoramiento o ajuste de su estructura de negocio o para expandir de forma eficiente su operaci\u00f3n fuera del pa\u00eds.<\/p>\n<p style=\"text-align: justify;\">Asesoramos la estructuraci\u00f3n y elaboraci\u00f3n de todo tipo de contratos mercantiles y laborales necesarios para el inicio de operaciones comerciales en Colombia. Realizamos acompa\u00f1amiento legal en todas las etapas de operaci\u00f3n de la compa\u00f1\u00eda nacional, la negociaci\u00f3n de contratos, el manejo de su inversi\u00f3n y la proyecci\u00f3n fiscal de su presupuesto. Ofrecemos soluciones legales integrales a problemas o retos comerciales espec\u00edficos.<\/p>\n<p style=\"text-align: justify;\">Asesor\u00eda, negociaci\u00f3n, estructuraci\u00f3n, elaboraci\u00f3n y seguimiento a contratos u operaciones de agencia comercial, distribuci\u00f3n, corretaje, suministro de bienes y servicios, franquicias, fiducias, joint venture, esquemas negociales llave en mano, contratos de colaboraci\u00f3n empresarial, compraventa internacional, transporte\u00a0 y cualquier otro tipolog\u00eda de negocio comercial.<\/p>\n<p style=\"text-align: justify;\">Acompa\u00f1amos y asesoramos procesos de fusi\u00f3n y escisi\u00f3n de sociedades comerciales en consideraci\u00f3n al esquema de control o estructura corporativa del cliente Recomendamos y estructuramos acuerdos de accionistas que armonicen los intereses particulares de los socios\u00a0 con el com\u00fan societario de utilidad y crecimiento.<\/p>\n<p style=\"text-align: justify;\">Realizamos reformas y transformaciones societarias, acompa\u00f1amiento y asesoramiento de juntas directivas, administraciones, asambleas o juntas de socios en la toma de decisiones estrat\u00e9gicas o en curso de conflicto societarios. Auditorias legales\u00a0 y procesos de due diligence en procura de la adopci\u00f3n de procedimientos id\u00f3neos de contrataci\u00f3n y gesti\u00f3n legal nacional o en el exterior.<\/p>\n<p>Como complemento a nuestra pr\u00e1ctica en derecho comercial, prestamos servicios de consultor\u00eda de negocios, en t\u00e9rminos de planeaci\u00f3n estrat\u00e9gica y gobierno corporativo.<\/p>\n<p>[\/vc_column_text][\/vc_column][\/vc_row]<\/p>\n","protected":false},"excerpt":{"rendered":"<p>[vc_row css=&#8221;.vc_custom_1463759662142{padding-right: 30px !important;}&#8221;][vc_column][vc_column_text] Ofrecemos servicios integrales de asesor\u00eda jur\u00eddica corporativa y derecho societario,\u00a0 con un equipo humano integrado por profesionales altamente calificados y experimentados en industria y comercio. Prestamos asesor\u00eda a la medida para la constituci\u00f3n de empresas, sucursales de sociedades extranjeras o creaci\u00f3n de cualquier tipo de veh\u00edculos de inversi\u00f3n en Colombia o [&hellip;]<\/p>\n","protected":false},"author":1,"featured_media":0,"parent":0,"menu_order":0,"comment_status":"closed","ping_status":"closed","template":"","meta":{"footnotes":""},"class_list":["post-4086","page","type-page","status-publish","hentry"],"yoast_head":"<!-- This site is optimized with the Yoast SEO plugin v22.1 - https:\/\/yoast.com\/wordpress\/plugins\/seo\/ -->\n<title>Derecho Corporativo, Fusiones y Adquisiciones, Due Diligence - Santisteban &amp; Asociados<\/title>\n<meta name=\"robots\" content=\"noindex, follow, max-snippet:-1, max-image-preview:large, max-video-preview:-1\" \/>\n<meta property=\"og:locale\" content=\"es_ES\" \/>\n<meta property=\"og:type\" content=\"article\" \/>\n<meta property=\"og:title\" content=\"Derecho Corporativo, Fusiones y Adquisiciones, Due Diligence - Santisteban &amp; Asociados\" \/>\n<meta property=\"og:description\" content=\"[vc_row css=&#8221;.vc_custom_1463759662142{padding-right: 30px !important;}&#8221;][vc_column][vc_column_text] Ofrecemos servicios integrales de asesor\u00eda jur\u00eddica corporativa y derecho societario,\u00a0 con un equipo humano integrado por profesionales altamente calificados y experimentados en industria y comercio. Prestamos asesor\u00eda a la medida para la constituci\u00f3n de empresas, sucursales de sociedades extranjeras o creaci\u00f3n de cualquier tipo de veh\u00edculos de inversi\u00f3n en Colombia o [&hellip;]\" \/>\n<meta property=\"og:url\" content=\"https:\/\/santistebanasociados.com\/web\/derecho-corporativo-fusiones-y-adquisiciones-due-diligence\/\" \/>\n<meta property=\"og:site_name\" content=\"Santisteban &amp; Asociados\" \/>\n<meta property=\"article:modified_time\" content=\"2016-05-20T17:31:53+00:00\" \/>\n<meta property=\"og:image\" content=\"http:\/\/santistebanasociados.com\/web\/wp-content\/uploads\/2016\/05\/6-300x224.jpg\" \/>\n<meta name=\"twitter:card\" content=\"summary_large_image\" \/>\n<meta name=\"twitter:label1\" content=\"Est. reading time\" \/>\n\t<meta name=\"twitter:data1\" content=\"2 minutes\" \/>\n<script type=\"application\/ld+json\" class=\"yoast-schema-graph\">{\"@context\":\"https:\/\/schema.org\",\"@graph\":[{\"@type\":\"WebPage\",\"@id\":\"https:\/\/santistebanasociados.com\/web\/derecho-corporativo-fusiones-y-adquisiciones-due-diligence\/\",\"url\":\"https:\/\/santistebanasociados.com\/web\/derecho-corporativo-fusiones-y-adquisiciones-due-diligence\/\",\"name\":\"Derecho Corporativo, Fusiones y Adquisiciones, Due Diligence - Santisteban &amp; Asociados\",\"isPartOf\":{\"@id\":\"https:\/\/santistebanasociados.com\/web\/#website\"},\"datePublished\":\"2016-05-20T15:53:47+00:00\",\"dateModified\":\"2016-05-20T17:31:53+00:00\",\"breadcrumb\":{\"@id\":\"https:\/\/santistebanasociados.com\/web\/derecho-corporativo-fusiones-y-adquisiciones-due-diligence\/#breadcrumb\"},\"inLanguage\":\"es-ES\",\"potentialAction\":[{\"@type\":\"ReadAction\",\"target\":[\"https:\/\/santistebanasociados.com\/web\/derecho-corporativo-fusiones-y-adquisiciones-due-diligence\/\"]}]},{\"@type\":\"BreadcrumbList\",\"@id\":\"https:\/\/santistebanasociados.com\/web\/derecho-corporativo-fusiones-y-adquisiciones-due-diligence\/#breadcrumb\",\"itemListElement\":[{\"@type\":\"ListItem\",\"position\":1,\"name\":\"Portada\",\"item\":\"https:\/\/santistebanasociados.com\/web\/\"},{\"@type\":\"ListItem\",\"position\":2,\"name\":\"Derecho Corporativo, Fusiones y Adquisiciones, Due Diligence\"}]},{\"@type\":\"WebSite\",\"@id\":\"https:\/\/santistebanasociados.com\/web\/#website\",\"url\":\"https:\/\/santistebanasociados.com\/web\/\",\"name\":\"Santisteban &amp; Asociados\",\"description\":\"Servicios Legales Corporativos\",\"potentialAction\":[{\"@type\":\"SearchAction\",\"target\":{\"@type\":\"EntryPoint\",\"urlTemplate\":\"https:\/\/santistebanasociados.com\/web\/?s={search_term_string}\"},\"query-input\":\"required name=search_term_string\"}],\"inLanguage\":\"es-ES\"}]}<\/script>\n<!-- \/ Yoast SEO plugin. -->","yoast_head_json":{"title":"Derecho Corporativo, Fusiones y Adquisiciones, Due Diligence - Santisteban &amp; Asociados","robots":{"index":"noindex","follow":"follow","max-snippet":"max-snippet:-1","max-image-preview":"max-image-preview:large","max-video-preview":"max-video-preview:-1"},"og_locale":"es_ES","og_type":"article","og_title":"Derecho Corporativo, Fusiones y Adquisiciones, Due Diligence - Santisteban &amp; Asociados","og_description":"[vc_row css=&#8221;.vc_custom_1463759662142{padding-right: 30px !important;}&#8221;][vc_column][vc_column_text] Ofrecemos servicios integrales de asesor\u00eda jur\u00eddica corporativa y derecho societario,\u00a0 con un equipo humano integrado por profesionales altamente calificados y experimentados en industria y comercio. Prestamos asesor\u00eda a la medida para la constituci\u00f3n de empresas, sucursales de sociedades extranjeras o creaci\u00f3n de cualquier tipo de veh\u00edculos de inversi\u00f3n en Colombia o [&hellip;]","og_url":"https:\/\/santistebanasociados.com\/web\/derecho-corporativo-fusiones-y-adquisiciones-due-diligence\/","og_site_name":"Santisteban &amp; Asociados","article_modified_time":"2016-05-20T17:31:53+00:00","og_image":[{"url":"http:\/\/santistebanasociados.com\/web\/wp-content\/uploads\/2016\/05\/6-300x224.jpg"}],"twitter_card":"summary_large_image","twitter_misc":{"Est. reading time":"2 minutes"},"schema":{"@context":"https:\/\/schema.org","@graph":[{"@type":"WebPage","@id":"https:\/\/santistebanasociados.com\/web\/derecho-corporativo-fusiones-y-adquisiciones-due-diligence\/","url":"https:\/\/santistebanasociados.com\/web\/derecho-corporativo-fusiones-y-adquisiciones-due-diligence\/","name":"Derecho Corporativo, Fusiones y Adquisiciones, Due Diligence - Santisteban &amp; Asociados","isPartOf":{"@id":"https:\/\/santistebanasociados.com\/web\/#website"},"datePublished":"2016-05-20T15:53:47+00:00","dateModified":"2016-05-20T17:31:53+00:00","breadcrumb":{"@id":"https:\/\/santistebanasociados.com\/web\/derecho-corporativo-fusiones-y-adquisiciones-due-diligence\/#breadcrumb"},"inLanguage":"es-ES","potentialAction":[{"@type":"ReadAction","target":["https:\/\/santistebanasociados.com\/web\/derecho-corporativo-fusiones-y-adquisiciones-due-diligence\/"]}]},{"@type":"BreadcrumbList","@id":"https:\/\/santistebanasociados.com\/web\/derecho-corporativo-fusiones-y-adquisiciones-due-diligence\/#breadcrumb","itemListElement":[{"@type":"ListItem","position":1,"name":"Portada","item":"https:\/\/santistebanasociados.com\/web\/"},{"@type":"ListItem","position":2,"name":"Derecho Corporativo, Fusiones y Adquisiciones, Due Diligence"}]},{"@type":"WebSite","@id":"https:\/\/santistebanasociados.com\/web\/#website","url":"https:\/\/santistebanasociados.com\/web\/","name":"Santisteban &amp; Asociados","description":"Servicios Legales Corporativos","potentialAction":[{"@type":"SearchAction","target":{"@type":"EntryPoint","urlTemplate":"https:\/\/santistebanasociados.com\/web\/?s={search_term_string}"},"query-input":"required name=search_term_string"}],"inLanguage":"es-ES"}]}},"_links":{"self":[{"href":"https:\/\/santistebanasociados.com\/web\/wp-json\/wp\/v2\/pages\/4086","targetHints":{"allow":["GET"]}}],"collection":[{"href":"https:\/\/santistebanasociados.com\/web\/wp-json\/wp\/v2\/pages"}],"about":[{"href":"https:\/\/santistebanasociados.com\/web\/wp-json\/wp\/v2\/types\/page"}],"author":[{"embeddable":true,"href":"https:\/\/santistebanasociados.com\/web\/wp-json\/wp\/v2\/users\/1"}],"replies":[{"embeddable":true,"href":"https:\/\/santistebanasociados.com\/web\/wp-json\/wp\/v2\/comments?post=4086"}],"version-history":[{"count":2,"href":"https:\/\/santistebanasociados.com\/web\/wp-json\/wp\/v2\/pages\/4086\/revisions"}],"predecessor-version":[{"id":4089,"href":"https:\/\/santistebanasociados.com\/web\/wp-json\/wp\/v2\/pages\/4086\/revisions\/4089"}],"wp:attachment":[{"href":"https:\/\/santistebanasociados.com\/web\/wp-json\/wp\/v2\/media?parent=4086"}],"curies":[{"name":"wp","href":"https:\/\/api.w.org\/{rel}","templated":true}]}}