{"id":4095,"date":"2016-05-20T11:01:30","date_gmt":"2016-05-20T16:01:30","guid":{"rendered":"http:\/\/santistebanasociados.com\/web\/?page_id=4095"},"modified":"2016-05-20T12:30:15","modified_gmt":"2016-05-20T17:30:15","slug":"telecomunicaciones-medios-entretenimiento-y-tecnologia","status":"publish","type":"page","link":"https:\/\/santistebanasociados.com\/web\/telecomunicaciones-medios-entretenimiento-y-tecnologia\/","title":{"rendered":"Telecomunicaciones, Medios, Entretenimiento y Tecnolog\u00eda"},"content":{"rendered":"<p>[vc_row css=&#8221;.vc_custom_1463760119655{padding-right: 30px !important;}&#8221;][vc_column][vc_column_text]<\/p>\n<p style=\"text-align: justify;\"><img loading=\"lazy\" decoding=\"async\" class=\"size-medium wp-image-4096 alignleft\" src=\"http:\/\/santistebanasociados.com\/web\/wp-content\/uploads\/2016\/05\/tecnologia-300x225.jpg\" alt=\"tecnologia\" width=\"300\" height=\"225\" srcset=\"https:\/\/santistebanasociados.com\/web\/wp-content\/uploads\/2016\/05\/tecnologia-300x225.jpg 300w, https:\/\/santistebanasociados.com\/web\/wp-content\/uploads\/2016\/05\/tecnologia-463x348.jpg 463w, https:\/\/santistebanasociados.com\/web\/wp-content\/uploads\/2016\/05\/tecnologia.jpg 500w\" sizes=\"auto, (max-width: 300px) 100vw, 300px\" \/>Contamos con un equipo con amplio conocimiento y experiencia en derecho de las telecomunicaciones, y la comercializaci\u00f3n de productos o servicios relacionados con la tecnolog\u00eda de la informaci\u00f3n.<\/p>\n<p style=\"text-align: justify;\">Representamos a nuestros clientes en temas relacionados con la protecci\u00f3n al consumidor de telecomunicaciones, tecnolog\u00eda y entretenimiento, derechos de los usuarios en los sistemas de telecomunicaciones, as\u00ed como, acciones vinculadas con la correcta prestaci\u00f3n, derecho de la competencia en las telecomunicaciones etc.<\/p>\n<p style=\"text-align: justify;\">Asesoramos inversionistas en proyectos de telecomunicaciones o infraestructura para las telecomunicaciones. Gestionamos licencias y autorizaciones para la prestaci\u00f3n de estos servicios y sus complementarios.<\/p>\n<p>[\/vc_column_text][\/vc_column][\/vc_row]<\/p>\n","protected":false},"excerpt":{"rendered":"<p>[vc_row css=&#8221;.vc_custom_1463760119655{padding-right: 30px !important;}&#8221;][vc_column][vc_column_text] Contamos con un equipo con amplio conocimiento y experiencia en derecho de las telecomunicaciones, y la comercializaci\u00f3n de productos o servicios relacionados con la tecnolog\u00eda de la informaci\u00f3n. Representamos a nuestros clientes en temas relacionados con la protecci\u00f3n al consumidor de telecomunicaciones, tecnolog\u00eda y entretenimiento, derechos de los usuarios en los [&hellip;]<\/p>\n","protected":false},"author":1,"featured_media":0,"parent":0,"menu_order":0,"comment_status":"closed","ping_status":"closed","template":"","meta":{"footnotes":""},"class_list":["post-4095","page","type-page","status-publish","hentry"],"yoast_head":"<!-- This site is optimized with the Yoast SEO plugin v22.1 - https:\/\/yoast.com\/wordpress\/plugins\/seo\/ -->\n<title>Telecomunicaciones, Medios, Entretenimiento y Tecnolog\u00eda - Santisteban &amp; Asociados<\/title>\n<meta name=\"robots\" content=\"noindex, follow, max-snippet:-1, max-image-preview:large, max-video-preview:-1\" \/>\n<meta property=\"og:locale\" content=\"es_ES\" \/>\n<meta property=\"og:type\" content=\"article\" \/>\n<meta property=\"og:title\" content=\"Telecomunicaciones, Medios, Entretenimiento y Tecnolog\u00eda - Santisteban &amp; Asociados\" \/>\n<meta property=\"og:description\" content=\"[vc_row css=&#8221;.vc_custom_1463760119655{padding-right: 30px !important;}&#8221;][vc_column][vc_column_text] Contamos con un equipo con amplio conocimiento y experiencia en derecho de las telecomunicaciones, y la comercializaci\u00f3n de productos o servicios relacionados con la tecnolog\u00eda de la informaci\u00f3n. Representamos a nuestros clientes en temas relacionados con la protecci\u00f3n al consumidor de telecomunicaciones, tecnolog\u00eda y entretenimiento, derechos de los usuarios en los [&hellip;]\" \/>\n<meta property=\"og:url\" content=\"https:\/\/santistebanasociados.com\/web\/telecomunicaciones-medios-entretenimiento-y-tecnologia\/\" \/>\n<meta property=\"og:site_name\" content=\"Santisteban &amp; Asociados\" \/>\n<meta property=\"article:modified_time\" content=\"2016-05-20T17:30:15+00:00\" \/>\n<meta property=\"og:image\" content=\"http:\/\/santistebanasociados.com\/web\/wp-content\/uploads\/2016\/05\/tecnologia-300x225.jpg\" \/>\n<meta name=\"twitter:card\" content=\"summary_large_image\" \/>\n<meta name=\"twitter:label1\" content=\"Est. reading time\" \/>\n\t<meta name=\"twitter:data1\" content=\"1 minute\" \/>\n<script type=\"application\/ld+json\" class=\"yoast-schema-graph\">{\"@context\":\"https:\/\/schema.org\",\"@graph\":[{\"@type\":\"WebPage\",\"@id\":\"https:\/\/santistebanasociados.com\/web\/telecomunicaciones-medios-entretenimiento-y-tecnologia\/\",\"url\":\"https:\/\/santistebanasociados.com\/web\/telecomunicaciones-medios-entretenimiento-y-tecnologia\/\",\"name\":\"Telecomunicaciones, Medios, Entretenimiento y Tecnolog\u00eda - Santisteban &amp; Asociados\",\"isPartOf\":{\"@id\":\"https:\/\/santistebanasociados.com\/web\/#website\"},\"datePublished\":\"2016-05-20T16:01:30+00:00\",\"dateModified\":\"2016-05-20T17:30:15+00:00\",\"breadcrumb\":{\"@id\":\"https:\/\/santistebanasociados.com\/web\/telecomunicaciones-medios-entretenimiento-y-tecnologia\/#breadcrumb\"},\"inLanguage\":\"es-ES\",\"potentialAction\":[{\"@type\":\"ReadAction\",\"target\":[\"https:\/\/santistebanasociados.com\/web\/telecomunicaciones-medios-entretenimiento-y-tecnologia\/\"]}]},{\"@type\":\"BreadcrumbList\",\"@id\":\"https:\/\/santistebanasociados.com\/web\/telecomunicaciones-medios-entretenimiento-y-tecnologia\/#breadcrumb\",\"itemListElement\":[{\"@type\":\"ListItem\",\"position\":1,\"name\":\"Portada\",\"item\":\"https:\/\/santistebanasociados.com\/web\/\"},{\"@type\":\"ListItem\",\"position\":2,\"name\":\"Telecomunicaciones, Medios, Entretenimiento y Tecnolog\u00eda\"}]},{\"@type\":\"WebSite\",\"@id\":\"https:\/\/santistebanasociados.com\/web\/#website\",\"url\":\"https:\/\/santistebanasociados.com\/web\/\",\"name\":\"Santisteban &amp; Asociados\",\"description\":\"Servicios Legales Corporativos\",\"potentialAction\":[{\"@type\":\"SearchAction\",\"target\":{\"@type\":\"EntryPoint\",\"urlTemplate\":\"https:\/\/santistebanasociados.com\/web\/?s={search_term_string}\"},\"query-input\":\"required name=search_term_string\"}],\"inLanguage\":\"es-ES\"}]}<\/script>\n<!-- \/ Yoast SEO plugin. -->","yoast_head_json":{"title":"Telecomunicaciones, Medios, Entretenimiento y Tecnolog\u00eda - Santisteban &amp; Asociados","robots":{"index":"noindex","follow":"follow","max-snippet":"max-snippet:-1","max-image-preview":"max-image-preview:large","max-video-preview":"max-video-preview:-1"},"og_locale":"es_ES","og_type":"article","og_title":"Telecomunicaciones, Medios, Entretenimiento y Tecnolog\u00eda - Santisteban &amp; Asociados","og_description":"[vc_row css=&#8221;.vc_custom_1463760119655{padding-right: 30px !important;}&#8221;][vc_column][vc_column_text] Contamos con un equipo con amplio conocimiento y experiencia en derecho de las telecomunicaciones, y la comercializaci\u00f3n de productos o servicios relacionados con la tecnolog\u00eda de la informaci\u00f3n. Representamos a nuestros clientes en temas relacionados con la protecci\u00f3n al consumidor de telecomunicaciones, tecnolog\u00eda y entretenimiento, derechos de los usuarios en los [&hellip;]","og_url":"https:\/\/santistebanasociados.com\/web\/telecomunicaciones-medios-entretenimiento-y-tecnologia\/","og_site_name":"Santisteban &amp; Asociados","article_modified_time":"2016-05-20T17:30:15+00:00","og_image":[{"url":"http:\/\/santistebanasociados.com\/web\/wp-content\/uploads\/2016\/05\/tecnologia-300x225.jpg"}],"twitter_card":"summary_large_image","twitter_misc":{"Est. reading time":"1 minute"},"schema":{"@context":"https:\/\/schema.org","@graph":[{"@type":"WebPage","@id":"https:\/\/santistebanasociados.com\/web\/telecomunicaciones-medios-entretenimiento-y-tecnologia\/","url":"https:\/\/santistebanasociados.com\/web\/telecomunicaciones-medios-entretenimiento-y-tecnologia\/","name":"Telecomunicaciones, Medios, Entretenimiento y Tecnolog\u00eda - Santisteban &amp; Asociados","isPartOf":{"@id":"https:\/\/santistebanasociados.com\/web\/#website"},"datePublished":"2016-05-20T16:01:30+00:00","dateModified":"2016-05-20T17:30:15+00:00","breadcrumb":{"@id":"https:\/\/santistebanasociados.com\/web\/telecomunicaciones-medios-entretenimiento-y-tecnologia\/#breadcrumb"},"inLanguage":"es-ES","potentialAction":[{"@type":"ReadAction","target":["https:\/\/santistebanasociados.com\/web\/telecomunicaciones-medios-entretenimiento-y-tecnologia\/"]}]},{"@type":"BreadcrumbList","@id":"https:\/\/santistebanasociados.com\/web\/telecomunicaciones-medios-entretenimiento-y-tecnologia\/#breadcrumb","itemListElement":[{"@type":"ListItem","position":1,"name":"Portada","item":"https:\/\/santistebanasociados.com\/web\/"},{"@type":"ListItem","position":2,"name":"Telecomunicaciones, Medios, Entretenimiento y Tecnolog\u00eda"}]},{"@type":"WebSite","@id":"https:\/\/santistebanasociados.com\/web\/#website","url":"https:\/\/santistebanasociados.com\/web\/","name":"Santisteban &amp; Asociados","description":"Servicios Legales Corporativos","potentialAction":[{"@type":"SearchAction","target":{"@type":"EntryPoint","urlTemplate":"https:\/\/santistebanasociados.com\/web\/?s={search_term_string}"},"query-input":"required name=search_term_string"}],"inLanguage":"es-ES"}]}},"_links":{"self":[{"href":"https:\/\/santistebanasociados.com\/web\/wp-json\/wp\/v2\/pages\/4095","targetHints":{"allow":["GET"]}}],"collection":[{"href":"https:\/\/santistebanasociados.com\/web\/wp-json\/wp\/v2\/pages"}],"about":[{"href":"https:\/\/santistebanasociados.com\/web\/wp-json\/wp\/v2\/types\/page"}],"author":[{"embeddable":true,"href":"https:\/\/santistebanasociados.com\/web\/wp-json\/wp\/v2\/users\/1"}],"replies":[{"embeddable":true,"href":"https:\/\/santistebanasociados.com\/web\/wp-json\/wp\/v2\/comments?post=4095"}],"version-history":[{"count":2,"href":"https:\/\/santistebanasociados.com\/web\/wp-json\/wp\/v2\/pages\/4095\/revisions"}],"predecessor-version":[{"id":4098,"href":"https:\/\/santistebanasociados.com\/web\/wp-json\/wp\/v2\/pages\/4095\/revisions\/4098"}],"wp:attachment":[{"href":"https:\/\/santistebanasociados.com\/web\/wp-json\/wp\/v2\/media?parent=4095"}],"curies":[{"name":"wp","href":"https:\/\/api.w.org\/{rel}","templated":true}]}}