{"id":4099,"date":"2016-05-20T11:09:18","date_gmt":"2016-05-20T16:09:18","guid":{"rendered":"http:\/\/santistebanasociados.com\/web\/?page_id=4099"},"modified":"2016-05-20T12:27:03","modified_gmt":"2016-05-20T17:27:03","slug":"propiedad-intelectual-patentes-derechos-de-autor","status":"publish","type":"page","link":"https:\/\/santistebanasociados.com\/web\/propiedad-intelectual-patentes-derechos-de-autor\/","title":{"rendered":"Propiedad Intelectual &#8211; Patentes &#8211; Derechos de Autor"},"content":{"rendered":"<p>[vc_row css=&#8221;.vc_custom_1463760543844{padding-right: 30px !important;}&#8221;][vc_column][vc_column_text]<\/p>\n<p style=\"text-align: justify;\"><img loading=\"lazy\" decoding=\"async\" class=\"size-medium wp-image-4100 alignleft\" src=\"http:\/\/santistebanasociados.com\/web\/wp-content\/uploads\/2016\/05\/derechosautor-300x300.jpg\" alt=\"derechosautor\" width=\"300\" height=\"300\" srcset=\"https:\/\/santistebanasociados.com\/web\/wp-content\/uploads\/2016\/05\/derechosautor-300x300.jpg 300w, https:\/\/santistebanasociados.com\/web\/wp-content\/uploads\/2016\/05\/derechosautor-150x150.jpg 150w, https:\/\/santistebanasociados.com\/web\/wp-content\/uploads\/2016\/05\/derechosautor-367x367.jpg 367w, https:\/\/santistebanasociados.com\/web\/wp-content\/uploads\/2016\/05\/derechosautor-450x450.jpg 450w, https:\/\/santistebanasociados.com\/web\/wp-content\/uploads\/2016\/05\/derechosautor-85x85.jpg 85w, https:\/\/santistebanasociados.com\/web\/wp-content\/uploads\/2016\/05\/derechosautor-50x50.jpg 50w, https:\/\/santistebanasociados.com\/web\/wp-content\/uploads\/2016\/05\/derechosautor.jpg 500w\" sizes=\"auto, (max-width: 300px) 100vw, 300px\" \/>Ofrecemos asesor\u00eda, acompa\u00f1amiento y representaci\u00f3n en temas de protecci\u00f3n a la creaci\u00f3n intelectual como obras literarias y art\u00edsticas y dem\u00e1s productos del intelecto humano susceptibles de protecci\u00f3n y explotaci\u00f3n comercial.<\/p>\n<p style=\"text-align: justify;\">Contamos con amplio conocimiento en derecho de propiedad intelectual, estudio,\u00a0 gesti\u00f3n, obtenci\u00f3n, mantenimiento y vigilancia de registros nacionales e internacionales de patentes de invenci\u00f3n, modelos de utilidad, dise\u00f1os industriales, secretos industriales, marcas, lemas comerciales, nombres comerciales, ense\u00f1as, denominaciones de origen, dominios, registros sanitarios, licencias de venta y variedades vegetales, entre otros.<\/p>\n<p style=\"text-align: justify;\">Representamos y asesoramos la gesti\u00f3n, obtenci\u00f3n, vigilancia de licencias y registros de derechos de autor, as\u00ed como la protecci\u00f3n de las obras literarias, cient\u00edficas y art\u00edsticas, derechos conexos y en general, todo lo relacionado con la industria del entretenimiento, producciones audiovisuales y cinematogr\u00e1ficas.<\/p>\n<p style=\"text-align: justify;\">Asesor\u00eda en derecho de la televisi\u00f3n y cinematograf\u00eda, estructuraci\u00f3n y elaboraci\u00f3n de contratos relacionados con la industria creativa, de producci\u00f3n y cinematogr\u00e1fica.<\/p>\n<p style=\"text-align: justify;\">Asesor\u00eda y elaboraci\u00f3n de contratos de explotaci\u00f3n comercial de las patentes de invenci\u00f3n, cesi\u00f3n de derechos, registros, licencias. Representaci\u00f3n en reclamaciones relacionadas con la reivindicaci\u00f3n de derechos o trabajos individuales o colectivos.<\/p>\n<p>[\/vc_column_text][\/vc_column][\/vc_row]<\/p>\n","protected":false},"excerpt":{"rendered":"<p>[vc_row css=&#8221;.vc_custom_1463760543844{padding-right: 30px !important;}&#8221;][vc_column][vc_column_text] Ofrecemos asesor\u00eda, acompa\u00f1amiento y representaci\u00f3n en temas de protecci\u00f3n a la creaci\u00f3n intelectual como obras literarias y art\u00edsticas y dem\u00e1s productos del intelecto humano susceptibles de protecci\u00f3n y explotaci\u00f3n comercial. Contamos con amplio conocimiento en derecho de propiedad intelectual, estudio,\u00a0 gesti\u00f3n, obtenci\u00f3n, mantenimiento y vigilancia de registros nacionales e internacionales de [&hellip;]<\/p>\n","protected":false},"author":1,"featured_media":0,"parent":0,"menu_order":0,"comment_status":"closed","ping_status":"closed","template":"","meta":{"footnotes":""},"class_list":["post-4099","page","type-page","status-publish","hentry"],"yoast_head":"<!-- This site is optimized with the Yoast SEO plugin v22.1 - https:\/\/yoast.com\/wordpress\/plugins\/seo\/ -->\n<title>Propiedad Intelectual - Patentes - Derechos de Autor - Santisteban &amp; Asociados<\/title>\n<meta name=\"robots\" content=\"noindex, follow, max-snippet:-1, max-image-preview:large, max-video-preview:-1\" \/>\n<meta property=\"og:locale\" content=\"es_ES\" \/>\n<meta property=\"og:type\" content=\"article\" \/>\n<meta property=\"og:title\" content=\"Propiedad Intelectual - Patentes - Derechos de Autor - Santisteban &amp; Asociados\" \/>\n<meta property=\"og:description\" content=\"[vc_row css=&#8221;.vc_custom_1463760543844{padding-right: 30px !important;}&#8221;][vc_column][vc_column_text] Ofrecemos asesor\u00eda, acompa\u00f1amiento y representaci\u00f3n en temas de protecci\u00f3n a la creaci\u00f3n intelectual como obras literarias y art\u00edsticas y dem\u00e1s productos del intelecto humano susceptibles de protecci\u00f3n y explotaci\u00f3n comercial. Contamos con amplio conocimiento en derecho de propiedad intelectual, estudio,\u00a0 gesti\u00f3n, obtenci\u00f3n, mantenimiento y vigilancia de registros nacionales e internacionales de [&hellip;]\" \/>\n<meta property=\"og:url\" content=\"https:\/\/santistebanasociados.com\/web\/propiedad-intelectual-patentes-derechos-de-autor\/\" \/>\n<meta property=\"og:site_name\" content=\"Santisteban &amp; Asociados\" \/>\n<meta property=\"article:modified_time\" content=\"2016-05-20T17:27:03+00:00\" \/>\n<meta property=\"og:image\" content=\"http:\/\/santistebanasociados.com\/web\/wp-content\/uploads\/2016\/05\/derechosautor-300x300.jpg\" \/>\n<meta name=\"twitter:card\" content=\"summary_large_image\" \/>\n<meta name=\"twitter:label1\" content=\"Est. reading time\" \/>\n\t<meta name=\"twitter:data1\" content=\"1 minute\" \/>\n<script type=\"application\/ld+json\" class=\"yoast-schema-graph\">{\"@context\":\"https:\/\/schema.org\",\"@graph\":[{\"@type\":\"WebPage\",\"@id\":\"https:\/\/santistebanasociados.com\/web\/propiedad-intelectual-patentes-derechos-de-autor\/\",\"url\":\"https:\/\/santistebanasociados.com\/web\/propiedad-intelectual-patentes-derechos-de-autor\/\",\"name\":\"Propiedad Intelectual - Patentes - Derechos de Autor - Santisteban &amp; Asociados\",\"isPartOf\":{\"@id\":\"https:\/\/santistebanasociados.com\/web\/#website\"},\"datePublished\":\"2016-05-20T16:09:18+00:00\",\"dateModified\":\"2016-05-20T17:27:03+00:00\",\"breadcrumb\":{\"@id\":\"https:\/\/santistebanasociados.com\/web\/propiedad-intelectual-patentes-derechos-de-autor\/#breadcrumb\"},\"inLanguage\":\"es-ES\",\"potentialAction\":[{\"@type\":\"ReadAction\",\"target\":[\"https:\/\/santistebanasociados.com\/web\/propiedad-intelectual-patentes-derechos-de-autor\/\"]}]},{\"@type\":\"BreadcrumbList\",\"@id\":\"https:\/\/santistebanasociados.com\/web\/propiedad-intelectual-patentes-derechos-de-autor\/#breadcrumb\",\"itemListElement\":[{\"@type\":\"ListItem\",\"position\":1,\"name\":\"Portada\",\"item\":\"https:\/\/santistebanasociados.com\/web\/\"},{\"@type\":\"ListItem\",\"position\":2,\"name\":\"Propiedad Intelectual &#8211; Patentes &#8211; Derechos de Autor\"}]},{\"@type\":\"WebSite\",\"@id\":\"https:\/\/santistebanasociados.com\/web\/#website\",\"url\":\"https:\/\/santistebanasociados.com\/web\/\",\"name\":\"Santisteban &amp; Asociados\",\"description\":\"Servicios Legales Corporativos\",\"potentialAction\":[{\"@type\":\"SearchAction\",\"target\":{\"@type\":\"EntryPoint\",\"urlTemplate\":\"https:\/\/santistebanasociados.com\/web\/?s={search_term_string}\"},\"query-input\":\"required name=search_term_string\"}],\"inLanguage\":\"es-ES\"}]}<\/script>\n<!-- \/ Yoast SEO plugin. -->","yoast_head_json":{"title":"Propiedad Intelectual - Patentes - Derechos de Autor - Santisteban &amp; Asociados","robots":{"index":"noindex","follow":"follow","max-snippet":"max-snippet:-1","max-image-preview":"max-image-preview:large","max-video-preview":"max-video-preview:-1"},"og_locale":"es_ES","og_type":"article","og_title":"Propiedad Intelectual - Patentes - Derechos de Autor - Santisteban &amp; Asociados","og_description":"[vc_row css=&#8221;.vc_custom_1463760543844{padding-right: 30px !important;}&#8221;][vc_column][vc_column_text] Ofrecemos asesor\u00eda, acompa\u00f1amiento y representaci\u00f3n en temas de protecci\u00f3n a la creaci\u00f3n intelectual como obras literarias y art\u00edsticas y dem\u00e1s productos del intelecto humano susceptibles de protecci\u00f3n y explotaci\u00f3n comercial. Contamos con amplio conocimiento en derecho de propiedad intelectual, estudio,\u00a0 gesti\u00f3n, obtenci\u00f3n, mantenimiento y vigilancia de registros nacionales e internacionales de [&hellip;]","og_url":"https:\/\/santistebanasociados.com\/web\/propiedad-intelectual-patentes-derechos-de-autor\/","og_site_name":"Santisteban &amp; Asociados","article_modified_time":"2016-05-20T17:27:03+00:00","og_image":[{"url":"http:\/\/santistebanasociados.com\/web\/wp-content\/uploads\/2016\/05\/derechosautor-300x300.jpg"}],"twitter_card":"summary_large_image","twitter_misc":{"Est. reading time":"1 minute"},"schema":{"@context":"https:\/\/schema.org","@graph":[{"@type":"WebPage","@id":"https:\/\/santistebanasociados.com\/web\/propiedad-intelectual-patentes-derechos-de-autor\/","url":"https:\/\/santistebanasociados.com\/web\/propiedad-intelectual-patentes-derechos-de-autor\/","name":"Propiedad Intelectual - Patentes - Derechos de Autor - Santisteban &amp; Asociados","isPartOf":{"@id":"https:\/\/santistebanasociados.com\/web\/#website"},"datePublished":"2016-05-20T16:09:18+00:00","dateModified":"2016-05-20T17:27:03+00:00","breadcrumb":{"@id":"https:\/\/santistebanasociados.com\/web\/propiedad-intelectual-patentes-derechos-de-autor\/#breadcrumb"},"inLanguage":"es-ES","potentialAction":[{"@type":"ReadAction","target":["https:\/\/santistebanasociados.com\/web\/propiedad-intelectual-patentes-derechos-de-autor\/"]}]},{"@type":"BreadcrumbList","@id":"https:\/\/santistebanasociados.com\/web\/propiedad-intelectual-patentes-derechos-de-autor\/#breadcrumb","itemListElement":[{"@type":"ListItem","position":1,"name":"Portada","item":"https:\/\/santistebanasociados.com\/web\/"},{"@type":"ListItem","position":2,"name":"Propiedad Intelectual &#8211; Patentes &#8211; Derechos de Autor"}]},{"@type":"WebSite","@id":"https:\/\/santistebanasociados.com\/web\/#website","url":"https:\/\/santistebanasociados.com\/web\/","name":"Santisteban &amp; Asociados","description":"Servicios Legales Corporativos","potentialAction":[{"@type":"SearchAction","target":{"@type":"EntryPoint","urlTemplate":"https:\/\/santistebanasociados.com\/web\/?s={search_term_string}"},"query-input":"required name=search_term_string"}],"inLanguage":"es-ES"}]}},"_links":{"self":[{"href":"https:\/\/santistebanasociados.com\/web\/wp-json\/wp\/v2\/pages\/4099","targetHints":{"allow":["GET"]}}],"collection":[{"href":"https:\/\/santistebanasociados.com\/web\/wp-json\/wp\/v2\/pages"}],"about":[{"href":"https:\/\/santistebanasociados.com\/web\/wp-json\/wp\/v2\/types\/page"}],"author":[{"embeddable":true,"href":"https:\/\/santistebanasociados.com\/web\/wp-json\/wp\/v2\/users\/1"}],"replies":[{"embeddable":true,"href":"https:\/\/santistebanasociados.com\/web\/wp-json\/wp\/v2\/comments?post=4099"}],"version-history":[{"count":2,"href":"https:\/\/santistebanasociados.com\/web\/wp-json\/wp\/v2\/pages\/4099\/revisions"}],"predecessor-version":[{"id":4102,"href":"https:\/\/santistebanasociados.com\/web\/wp-json\/wp\/v2\/pages\/4099\/revisions\/4102"}],"wp:attachment":[{"href":"https:\/\/santistebanasociados.com\/web\/wp-json\/wp\/v2\/media?parent=4099"}],"curies":[{"name":"wp","href":"https:\/\/api.w.org\/{rel}","templated":true}]}}