{"id":4117,"date":"2016-05-20T11:39:10","date_gmt":"2016-05-20T16:39:10","guid":{"rendered":"http:\/\/santistebanasociados.com\/web\/?page_id=4117"},"modified":"2016-06-02T13:01:53","modified_gmt":"2016-06-02T18:01:53","slug":"inmobiliario-infraestructura-y-servicios-publicos","status":"publish","type":"page","link":"https:\/\/santistebanasociados.com\/web\/inmobiliario-infraestructura-y-servicios-publicos\/","title":{"rendered":"Inmobiliario &#8211; Infraestructura y Servicios P\u00fablicos"},"content":{"rendered":"<p>[vc_row css=&#8221;.vc_custom_1463762336690{padding-right: 30px !important;}&#8221;][vc_column][vc_column_text]<\/p>\n<p style=\"text-align: justify;\"><a href=\"http:\/\/santistebanasociados.com\/web\/wp-content\/uploads\/2016\/05\/shutterstock_242695378.jpg\"><img loading=\"lazy\" decoding=\"async\" class=\"wp-image-4359 size-medium alignleft\" src=\"http:\/\/santistebanasociados.com\/web\/wp-content\/uploads\/2016\/05\/shutterstock_242695378-300x300.jpg\" width=\"300\" height=\"300\" srcset=\"https:\/\/santistebanasociados.com\/web\/wp-content\/uploads\/2016\/05\/shutterstock_242695378-300x300.jpg 300w, https:\/\/santistebanasociados.com\/web\/wp-content\/uploads\/2016\/05\/shutterstock_242695378-150x150.jpg 150w, https:\/\/santistebanasociados.com\/web\/wp-content\/uploads\/2016\/05\/shutterstock_242695378-768x768.jpg 768w, https:\/\/santistebanasociados.com\/web\/wp-content\/uploads\/2016\/05\/shutterstock_242695378-600x600.jpg 600w, https:\/\/santistebanasociados.com\/web\/wp-content\/uploads\/2016\/05\/shutterstock_242695378-560x560.jpg 560w, https:\/\/santistebanasociados.com\/web\/wp-content\/uploads\/2016\/05\/shutterstock_242695378-367x367.jpg 367w, https:\/\/santistebanasociados.com\/web\/wp-content\/uploads\/2016\/05\/shutterstock_242695378-450x450.jpg 450w, https:\/\/santistebanasociados.com\/web\/wp-content\/uploads\/2016\/05\/shutterstock_242695378-85x85.jpg 85w, https:\/\/santistebanasociados.com\/web\/wp-content\/uploads\/2016\/05\/shutterstock_242695378-50x50.jpg 50w, https:\/\/santistebanasociados.com\/web\/wp-content\/uploads\/2016\/05\/shutterstock_242695378.jpg 943w\" sizes=\"auto, (max-width: 300px) 100vw, 300px\" \/><\/a>Prestamos asesor\u00eda integral en el tema de finca ra\u00edz, (promesas de venta, compra y venta de bienes inmuebles hipotecas, servidumbres, arras etc), asistencia legal para la financiaci\u00f3n de proyectos de infraestructura, tales como negociaci\u00f3n de concesiones y reversiones con el estado, ofertas internacionales de adquisici\u00f3n y liquidaci\u00f3n de proyectos de infraestructura.<\/p>\n<p style=\"text-align: justify;\">Ofrecemos asesor\u00eda en los temas de regulaci\u00f3n y contratos de los servicios p\u00fablicos domiciliarios (energ\u00eda, acueducto y alcantarillado). Asesor\u00eda y acompa\u00f1amiento en procesos de contrataci\u00f3n con el estado.<\/p>\n<p>[\/vc_column_text][\/vc_column][\/vc_row]<\/p>\n","protected":false},"excerpt":{"rendered":"<p>[vc_row css=&#8221;.vc_custom_1463762336690{padding-right: 30px !important;}&#8221;][vc_column][vc_column_text] Prestamos asesor\u00eda integral en el tema de finca ra\u00edz, (promesas de venta, compra y venta de bienes inmuebles hipotecas, servidumbres, arras etc), asistencia legal para la financiaci\u00f3n de proyectos de infraestructura, tales como negociaci\u00f3n de concesiones y reversiones con el estado, ofertas internacionales de adquisici\u00f3n y liquidaci\u00f3n de proyectos de infraestructura. [&hellip;]<\/p>\n","protected":false},"author":1,"featured_media":0,"parent":0,"menu_order":0,"comment_status":"closed","ping_status":"closed","template":"","meta":{"footnotes":""},"class_list":["post-4117","page","type-page","status-publish","hentry"],"yoast_head":"<!-- This site is optimized with the Yoast SEO plugin v22.1 - https:\/\/yoast.com\/wordpress\/plugins\/seo\/ -->\n<title>Inmobiliario - Infraestructura y Servicios P\u00fablicos - Santisteban &amp; Asociados<\/title>\n<meta name=\"robots\" content=\"noindex, follow, max-snippet:-1, max-image-preview:large, max-video-preview:-1\" \/>\n<meta property=\"og:locale\" content=\"es_ES\" \/>\n<meta property=\"og:type\" content=\"article\" \/>\n<meta property=\"og:title\" content=\"Inmobiliario - Infraestructura y Servicios P\u00fablicos - Santisteban &amp; Asociados\" \/>\n<meta property=\"og:description\" content=\"[vc_row css=&#8221;.vc_custom_1463762336690{padding-right: 30px !important;}&#8221;][vc_column][vc_column_text] Prestamos asesor\u00eda integral en el tema de finca ra\u00edz, (promesas de venta, compra y venta de bienes inmuebles hipotecas, servidumbres, arras etc), asistencia legal para la financiaci\u00f3n de proyectos de infraestructura, tales como negociaci\u00f3n de concesiones y reversiones con el estado, ofertas internacionales de adquisici\u00f3n y liquidaci\u00f3n de proyectos de infraestructura. [&hellip;]\" \/>\n<meta property=\"og:url\" content=\"https:\/\/santistebanasociados.com\/web\/inmobiliario-infraestructura-y-servicios-publicos\/\" \/>\n<meta property=\"og:site_name\" content=\"Santisteban &amp; Asociados\" \/>\n<meta property=\"article:modified_time\" content=\"2016-06-02T18:01:53+00:00\" \/>\n<meta property=\"og:image\" content=\"http:\/\/santistebanasociados.com\/web\/wp-content\/uploads\/2016\/05\/shutterstock_242695378-300x300.jpg\" \/>\n<meta name=\"twitter:card\" content=\"summary_large_image\" \/>\n<meta name=\"twitter:label1\" content=\"Est. reading time\" \/>\n\t<meta name=\"twitter:data1\" content=\"1 minute\" \/>\n<script type=\"application\/ld+json\" class=\"yoast-schema-graph\">{\"@context\":\"https:\/\/schema.org\",\"@graph\":[{\"@type\":\"WebPage\",\"@id\":\"https:\/\/santistebanasociados.com\/web\/inmobiliario-infraestructura-y-servicios-publicos\/\",\"url\":\"https:\/\/santistebanasociados.com\/web\/inmobiliario-infraestructura-y-servicios-publicos\/\",\"name\":\"Inmobiliario - Infraestructura y Servicios P\u00fablicos - Santisteban &amp; Asociados\",\"isPartOf\":{\"@id\":\"https:\/\/santistebanasociados.com\/web\/#website\"},\"datePublished\":\"2016-05-20T16:39:10+00:00\",\"dateModified\":\"2016-06-02T18:01:53+00:00\",\"breadcrumb\":{\"@id\":\"https:\/\/santistebanasociados.com\/web\/inmobiliario-infraestructura-y-servicios-publicos\/#breadcrumb\"},\"inLanguage\":\"es-ES\",\"potentialAction\":[{\"@type\":\"ReadAction\",\"target\":[\"https:\/\/santistebanasociados.com\/web\/inmobiliario-infraestructura-y-servicios-publicos\/\"]}]},{\"@type\":\"BreadcrumbList\",\"@id\":\"https:\/\/santistebanasociados.com\/web\/inmobiliario-infraestructura-y-servicios-publicos\/#breadcrumb\",\"itemListElement\":[{\"@type\":\"ListItem\",\"position\":1,\"name\":\"Portada\",\"item\":\"https:\/\/santistebanasociados.com\/web\/\"},{\"@type\":\"ListItem\",\"position\":2,\"name\":\"Inmobiliario &#8211; Infraestructura y Servicios P\u00fablicos\"}]},{\"@type\":\"WebSite\",\"@id\":\"https:\/\/santistebanasociados.com\/web\/#website\",\"url\":\"https:\/\/santistebanasociados.com\/web\/\",\"name\":\"Santisteban &amp; Asociados\",\"description\":\"Servicios Legales Corporativos\",\"potentialAction\":[{\"@type\":\"SearchAction\",\"target\":{\"@type\":\"EntryPoint\",\"urlTemplate\":\"https:\/\/santistebanasociados.com\/web\/?s={search_term_string}\"},\"query-input\":\"required name=search_term_string\"}],\"inLanguage\":\"es-ES\"}]}<\/script>\n<!-- \/ Yoast SEO plugin. -->","yoast_head_json":{"title":"Inmobiliario - Infraestructura y Servicios P\u00fablicos - Santisteban &amp; Asociados","robots":{"index":"noindex","follow":"follow","max-snippet":"max-snippet:-1","max-image-preview":"max-image-preview:large","max-video-preview":"max-video-preview:-1"},"og_locale":"es_ES","og_type":"article","og_title":"Inmobiliario - Infraestructura y Servicios P\u00fablicos - Santisteban &amp; Asociados","og_description":"[vc_row css=&#8221;.vc_custom_1463762336690{padding-right: 30px !important;}&#8221;][vc_column][vc_column_text] Prestamos asesor\u00eda integral en el tema de finca ra\u00edz, (promesas de venta, compra y venta de bienes inmuebles hipotecas, servidumbres, arras etc), asistencia legal para la financiaci\u00f3n de proyectos de infraestructura, tales como negociaci\u00f3n de concesiones y reversiones con el estado, ofertas internacionales de adquisici\u00f3n y liquidaci\u00f3n de proyectos de infraestructura. [&hellip;]","og_url":"https:\/\/santistebanasociados.com\/web\/inmobiliario-infraestructura-y-servicios-publicos\/","og_site_name":"Santisteban &amp; Asociados","article_modified_time":"2016-06-02T18:01:53+00:00","og_image":[{"url":"http:\/\/santistebanasociados.com\/web\/wp-content\/uploads\/2016\/05\/shutterstock_242695378-300x300.jpg"}],"twitter_card":"summary_large_image","twitter_misc":{"Est. reading time":"1 minute"},"schema":{"@context":"https:\/\/schema.org","@graph":[{"@type":"WebPage","@id":"https:\/\/santistebanasociados.com\/web\/inmobiliario-infraestructura-y-servicios-publicos\/","url":"https:\/\/santistebanasociados.com\/web\/inmobiliario-infraestructura-y-servicios-publicos\/","name":"Inmobiliario - Infraestructura y Servicios P\u00fablicos - Santisteban &amp; Asociados","isPartOf":{"@id":"https:\/\/santistebanasociados.com\/web\/#website"},"datePublished":"2016-05-20T16:39:10+00:00","dateModified":"2016-06-02T18:01:53+00:00","breadcrumb":{"@id":"https:\/\/santistebanasociados.com\/web\/inmobiliario-infraestructura-y-servicios-publicos\/#breadcrumb"},"inLanguage":"es-ES","potentialAction":[{"@type":"ReadAction","target":["https:\/\/santistebanasociados.com\/web\/inmobiliario-infraestructura-y-servicios-publicos\/"]}]},{"@type":"BreadcrumbList","@id":"https:\/\/santistebanasociados.com\/web\/inmobiliario-infraestructura-y-servicios-publicos\/#breadcrumb","itemListElement":[{"@type":"ListItem","position":1,"name":"Portada","item":"https:\/\/santistebanasociados.com\/web\/"},{"@type":"ListItem","position":2,"name":"Inmobiliario &#8211; Infraestructura y Servicios P\u00fablicos"}]},{"@type":"WebSite","@id":"https:\/\/santistebanasociados.com\/web\/#website","url":"https:\/\/santistebanasociados.com\/web\/","name":"Santisteban &amp; Asociados","description":"Servicios Legales Corporativos","potentialAction":[{"@type":"SearchAction","target":{"@type":"EntryPoint","urlTemplate":"https:\/\/santistebanasociados.com\/web\/?s={search_term_string}"},"query-input":"required name=search_term_string"}],"inLanguage":"es-ES"}]}},"_links":{"self":[{"href":"https:\/\/santistebanasociados.com\/web\/wp-json\/wp\/v2\/pages\/4117","targetHints":{"allow":["GET"]}}],"collection":[{"href":"https:\/\/santistebanasociados.com\/web\/wp-json\/wp\/v2\/pages"}],"about":[{"href":"https:\/\/santistebanasociados.com\/web\/wp-json\/wp\/v2\/types\/page"}],"author":[{"embeddable":true,"href":"https:\/\/santistebanasociados.com\/web\/wp-json\/wp\/v2\/users\/1"}],"replies":[{"embeddable":true,"href":"https:\/\/santistebanasociados.com\/web\/wp-json\/wp\/v2\/comments?post=4117"}],"version-history":[{"count":2,"href":"https:\/\/santistebanasociados.com\/web\/wp-json\/wp\/v2\/pages\/4117\/revisions"}],"predecessor-version":[{"id":4360,"href":"https:\/\/santistebanasociados.com\/web\/wp-json\/wp\/v2\/pages\/4117\/revisions\/4360"}],"wp:attachment":[{"href":"https:\/\/santistebanasociados.com\/web\/wp-json\/wp\/v2\/media?parent=4117"}],"curies":[{"name":"wp","href":"https:\/\/api.w.org\/{rel}","templated":true}]}}