{"id":4120,"date":"2016-05-20T11:41:20","date_gmt":"2016-05-20T16:41:20","guid":{"rendered":"http:\/\/santistebanasociados.com\/web\/?page_id=4120"},"modified":"2016-05-20T12:24:08","modified_gmt":"2016-05-20T17:24:08","slug":"gestion-de-patrimonio-proteccion-de-inversionista-insolvencia-y-reestructuracion","status":"publish","type":"page","link":"https:\/\/santistebanasociados.com\/web\/gestion-de-patrimonio-proteccion-de-inversionista-insolvencia-y-reestructuracion\/","title":{"rendered":"Gesti\u00f3n de Patrimonio, Protecci\u00f3n de Inversionista, Insolvencia y Reestructuraci\u00f3n"},"content":{"rendered":"<p>[vc_row css=&#8221;.vc_custom_1463762555002{padding-right: 30px !important;}&#8221;][vc_column][vc_column_text]<\/p>\n<p style=\"text-align: justify;\"><img loading=\"lazy\" decoding=\"async\" class=\"size-medium wp-image-4121 alignleft\" src=\"http:\/\/santistebanasociados.com\/web\/wp-content\/uploads\/2016\/05\/estructuracdenegocios-300x300.jpg\" alt=\"estructuracdenegocios\" width=\"300\" height=\"300\" srcset=\"https:\/\/santistebanasociados.com\/web\/wp-content\/uploads\/2016\/05\/estructuracdenegocios-300x300.jpg 300w, https:\/\/santistebanasociados.com\/web\/wp-content\/uploads\/2016\/05\/estructuracdenegocios-150x150.jpg 150w, https:\/\/santistebanasociados.com\/web\/wp-content\/uploads\/2016\/05\/estructuracdenegocios-367x367.jpg 367w, https:\/\/santistebanasociados.com\/web\/wp-content\/uploads\/2016\/05\/estructuracdenegocios-450x450.jpg 450w, https:\/\/santistebanasociados.com\/web\/wp-content\/uploads\/2016\/05\/estructuracdenegocios-85x85.jpg 85w, https:\/\/santistebanasociados.com\/web\/wp-content\/uploads\/2016\/05\/estructuracdenegocios-50x50.jpg 50w, https:\/\/santistebanasociados.com\/web\/wp-content\/uploads\/2016\/05\/estructuracdenegocios.jpg 500w\" sizes=\"auto, (max-width: 300px) 100vw, 300px\" \/>Asesoramos a nuestros clientes para una eficiente gesti\u00f3n de su patrimonio, recomendamos estructuras patrimoniales a la medida de las posibilidades e intereses de nuestros clientes y a la luz de la norma civil, comercial y tributaria, para optimizar sus ingresos y capital dise\u00f1ando modelos de enajenaci\u00f3n o adquisici\u00f3n eficiente de bienes o activos fijos.<\/p>\n<p style=\"text-align: justify;\">Procuramos por la optimizaci\u00f3n de los recursos patrimoniales de nuestros clientes en el \u00e1mbito de sus intereses empresariales, comerciales o familiares, en procesos de separaci\u00f3n de bienes, sucesiones o distribuci\u00f3n de activos dentro de la estructura corporativa, adquisiciones o enajenaciones estrat\u00e9gicas, proyectos de beneficencia y administraci\u00f3n general de utilidades o p\u00e9rdidas.<\/p>\n<p style=\"text-align: justify;\">Acompa\u00f1amos, asesoramos y representamos judicial y extrajudicialmente a nuestros clientes en procesos de restructuraci\u00f3n econ\u00f3mica, Ley 1116, procesos de insolvencia, liquidaci\u00f3n voluntaria, concurso de acreedores o liquidaci\u00f3n forzada.<\/p>\n<p>[\/vc_column_text][\/vc_column][\/vc_row]<\/p>\n","protected":false},"excerpt":{"rendered":"<p>[vc_row css=&#8221;.vc_custom_1463762555002{padding-right: 30px !important;}&#8221;][vc_column][vc_column_text] Asesoramos a nuestros clientes para una eficiente gesti\u00f3n de su patrimonio, recomendamos estructuras patrimoniales a la medida de las posibilidades e intereses de nuestros clientes y a la luz de la norma civil, comercial y tributaria, para optimizar sus ingresos y capital dise\u00f1ando modelos de enajenaci\u00f3n o adquisici\u00f3n eficiente de bienes [&hellip;]<\/p>\n","protected":false},"author":1,"featured_media":0,"parent":0,"menu_order":0,"comment_status":"closed","ping_status":"closed","template":"","meta":{"footnotes":""},"class_list":["post-4120","page","type-page","status-publish","hentry"],"yoast_head":"<!-- This site is optimized with the Yoast SEO plugin v22.1 - https:\/\/yoast.com\/wordpress\/plugins\/seo\/ -->\n<title>Gesti\u00f3n de Patrimonio, Protecci\u00f3n de Inversionista, Insolvencia y Reestructuraci\u00f3n - Santisteban &amp; Asociados<\/title>\n<meta name=\"robots\" content=\"noindex, follow, max-snippet:-1, max-image-preview:large, max-video-preview:-1\" \/>\n<meta property=\"og:locale\" content=\"es_ES\" \/>\n<meta property=\"og:type\" content=\"article\" \/>\n<meta property=\"og:title\" content=\"Gesti\u00f3n de Patrimonio, Protecci\u00f3n de Inversionista, Insolvencia y Reestructuraci\u00f3n - Santisteban &amp; Asociados\" \/>\n<meta property=\"og:description\" content=\"[vc_row css=&#8221;.vc_custom_1463762555002{padding-right: 30px !important;}&#8221;][vc_column][vc_column_text] Asesoramos a nuestros clientes para una eficiente gesti\u00f3n de su patrimonio, recomendamos estructuras patrimoniales a la medida de las posibilidades e intereses de nuestros clientes y a la luz de la norma civil, comercial y tributaria, para optimizar sus ingresos y capital dise\u00f1ando modelos de enajenaci\u00f3n o adquisici\u00f3n eficiente de bienes [&hellip;]\" \/>\n<meta property=\"og:url\" content=\"https:\/\/santistebanasociados.com\/web\/gestion-de-patrimonio-proteccion-de-inversionista-insolvencia-y-reestructuracion\/\" \/>\n<meta property=\"og:site_name\" content=\"Santisteban &amp; Asociados\" \/>\n<meta property=\"article:modified_time\" content=\"2016-05-20T17:24:08+00:00\" \/>\n<meta property=\"og:image\" content=\"http:\/\/santistebanasociados.com\/web\/wp-content\/uploads\/2016\/05\/estructuracdenegocios-300x300.jpg\" \/>\n<meta name=\"twitter:card\" content=\"summary_large_image\" \/>\n<meta name=\"twitter:label1\" content=\"Est. reading time\" \/>\n\t<meta name=\"twitter:data1\" content=\"1 minute\" \/>\n<script type=\"application\/ld+json\" class=\"yoast-schema-graph\">{\"@context\":\"https:\/\/schema.org\",\"@graph\":[{\"@type\":\"WebPage\",\"@id\":\"https:\/\/santistebanasociados.com\/web\/gestion-de-patrimonio-proteccion-de-inversionista-insolvencia-y-reestructuracion\/\",\"url\":\"https:\/\/santistebanasociados.com\/web\/gestion-de-patrimonio-proteccion-de-inversionista-insolvencia-y-reestructuracion\/\",\"name\":\"Gesti\u00f3n de Patrimonio, Protecci\u00f3n de Inversionista, Insolvencia y Reestructuraci\u00f3n - Santisteban &amp; Asociados\",\"isPartOf\":{\"@id\":\"https:\/\/santistebanasociados.com\/web\/#website\"},\"datePublished\":\"2016-05-20T16:41:20+00:00\",\"dateModified\":\"2016-05-20T17:24:08+00:00\",\"breadcrumb\":{\"@id\":\"https:\/\/santistebanasociados.com\/web\/gestion-de-patrimonio-proteccion-de-inversionista-insolvencia-y-reestructuracion\/#breadcrumb\"},\"inLanguage\":\"es-ES\",\"potentialAction\":[{\"@type\":\"ReadAction\",\"target\":[\"https:\/\/santistebanasociados.com\/web\/gestion-de-patrimonio-proteccion-de-inversionista-insolvencia-y-reestructuracion\/\"]}]},{\"@type\":\"BreadcrumbList\",\"@id\":\"https:\/\/santistebanasociados.com\/web\/gestion-de-patrimonio-proteccion-de-inversionista-insolvencia-y-reestructuracion\/#breadcrumb\",\"itemListElement\":[{\"@type\":\"ListItem\",\"position\":1,\"name\":\"Portada\",\"item\":\"https:\/\/santistebanasociados.com\/web\/\"},{\"@type\":\"ListItem\",\"position\":2,\"name\":\"Gesti\u00f3n de Patrimonio, Protecci\u00f3n de Inversionista, Insolvencia y Reestructuraci\u00f3n\"}]},{\"@type\":\"WebSite\",\"@id\":\"https:\/\/santistebanasociados.com\/web\/#website\",\"url\":\"https:\/\/santistebanasociados.com\/web\/\",\"name\":\"Santisteban &amp; Asociados\",\"description\":\"Servicios Legales Corporativos\",\"potentialAction\":[{\"@type\":\"SearchAction\",\"target\":{\"@type\":\"EntryPoint\",\"urlTemplate\":\"https:\/\/santistebanasociados.com\/web\/?s={search_term_string}\"},\"query-input\":\"required name=search_term_string\"}],\"inLanguage\":\"es-ES\"}]}<\/script>\n<!-- \/ Yoast SEO plugin. -->","yoast_head_json":{"title":"Gesti\u00f3n de Patrimonio, Protecci\u00f3n de Inversionista, Insolvencia y Reestructuraci\u00f3n - Santisteban &amp; Asociados","robots":{"index":"noindex","follow":"follow","max-snippet":"max-snippet:-1","max-image-preview":"max-image-preview:large","max-video-preview":"max-video-preview:-1"},"og_locale":"es_ES","og_type":"article","og_title":"Gesti\u00f3n de Patrimonio, Protecci\u00f3n de Inversionista, Insolvencia y Reestructuraci\u00f3n - Santisteban &amp; Asociados","og_description":"[vc_row css=&#8221;.vc_custom_1463762555002{padding-right: 30px !important;}&#8221;][vc_column][vc_column_text] Asesoramos a nuestros clientes para una eficiente gesti\u00f3n de su patrimonio, recomendamos estructuras patrimoniales a la medida de las posibilidades e intereses de nuestros clientes y a la luz de la norma civil, comercial y tributaria, para optimizar sus ingresos y capital dise\u00f1ando modelos de enajenaci\u00f3n o adquisici\u00f3n eficiente de bienes [&hellip;]","og_url":"https:\/\/santistebanasociados.com\/web\/gestion-de-patrimonio-proteccion-de-inversionista-insolvencia-y-reestructuracion\/","og_site_name":"Santisteban &amp; Asociados","article_modified_time":"2016-05-20T17:24:08+00:00","og_image":[{"url":"http:\/\/santistebanasociados.com\/web\/wp-content\/uploads\/2016\/05\/estructuracdenegocios-300x300.jpg"}],"twitter_card":"summary_large_image","twitter_misc":{"Est. reading time":"1 minute"},"schema":{"@context":"https:\/\/schema.org","@graph":[{"@type":"WebPage","@id":"https:\/\/santistebanasociados.com\/web\/gestion-de-patrimonio-proteccion-de-inversionista-insolvencia-y-reestructuracion\/","url":"https:\/\/santistebanasociados.com\/web\/gestion-de-patrimonio-proteccion-de-inversionista-insolvencia-y-reestructuracion\/","name":"Gesti\u00f3n de Patrimonio, Protecci\u00f3n de Inversionista, Insolvencia y Reestructuraci\u00f3n - Santisteban &amp; Asociados","isPartOf":{"@id":"https:\/\/santistebanasociados.com\/web\/#website"},"datePublished":"2016-05-20T16:41:20+00:00","dateModified":"2016-05-20T17:24:08+00:00","breadcrumb":{"@id":"https:\/\/santistebanasociados.com\/web\/gestion-de-patrimonio-proteccion-de-inversionista-insolvencia-y-reestructuracion\/#breadcrumb"},"inLanguage":"es-ES","potentialAction":[{"@type":"ReadAction","target":["https:\/\/santistebanasociados.com\/web\/gestion-de-patrimonio-proteccion-de-inversionista-insolvencia-y-reestructuracion\/"]}]},{"@type":"BreadcrumbList","@id":"https:\/\/santistebanasociados.com\/web\/gestion-de-patrimonio-proteccion-de-inversionista-insolvencia-y-reestructuracion\/#breadcrumb","itemListElement":[{"@type":"ListItem","position":1,"name":"Portada","item":"https:\/\/santistebanasociados.com\/web\/"},{"@type":"ListItem","position":2,"name":"Gesti\u00f3n de Patrimonio, Protecci\u00f3n de Inversionista, Insolvencia y Reestructuraci\u00f3n"}]},{"@type":"WebSite","@id":"https:\/\/santistebanasociados.com\/web\/#website","url":"https:\/\/santistebanasociados.com\/web\/","name":"Santisteban &amp; Asociados","description":"Servicios Legales Corporativos","potentialAction":[{"@type":"SearchAction","target":{"@type":"EntryPoint","urlTemplate":"https:\/\/santistebanasociados.com\/web\/?s={search_term_string}"},"query-input":"required name=search_term_string"}],"inLanguage":"es-ES"}]}},"_links":{"self":[{"href":"https:\/\/santistebanasociados.com\/web\/wp-json\/wp\/v2\/pages\/4120","targetHints":{"allow":["GET"]}}],"collection":[{"href":"https:\/\/santistebanasociados.com\/web\/wp-json\/wp\/v2\/pages"}],"about":[{"href":"https:\/\/santistebanasociados.com\/web\/wp-json\/wp\/v2\/types\/page"}],"author":[{"embeddable":true,"href":"https:\/\/santistebanasociados.com\/web\/wp-json\/wp\/v2\/users\/1"}],"replies":[{"embeddable":true,"href":"https:\/\/santistebanasociados.com\/web\/wp-json\/wp\/v2\/comments?post=4120"}],"version-history":[{"count":3,"href":"https:\/\/santistebanasociados.com\/web\/wp-json\/wp\/v2\/pages\/4120\/revisions"}],"predecessor-version":[{"id":4143,"href":"https:\/\/santistebanasociados.com\/web\/wp-json\/wp\/v2\/pages\/4120\/revisions\/4143"}],"wp:attachment":[{"href":"https:\/\/santistebanasociados.com\/web\/wp-json\/wp\/v2\/media?parent=4120"}],"curies":[{"name":"wp","href":"https:\/\/api.w.org\/{rel}","templated":true}]}}