{"id":4151,"date":"2016-05-25T11:15:56","date_gmt":"2016-05-25T16:15:56","guid":{"rendered":"http:\/\/santistebanasociados.com\/web\/?page_id=4151"},"modified":"2016-06-02T12:54:05","modified_gmt":"2016-06-02T17:54:05","slug":"resolucion-de-conflictos-arbitramento-litigios-recuperacion-de-cartera","status":"publish","type":"page","link":"https:\/\/santistebanasociados.com\/web\/resolucion-de-conflictos-arbitramento-litigios-recuperacion-de-cartera\/","title":{"rendered":"Resoluci\u00f3n de Conflictos &#8211; Arbitramento &#8211; Litigios &#8211; Recuperaci\u00f3n de Cartera"},"content":{"rendered":"<p>[vc_row][vc_column css=&#8221;.vc_custom_1464192945062{padding-right: 30px !important;}&#8221;][vc_column_text]<\/p>\n<p style=\"text-align: justify;\"><a href=\"http:\/\/santistebanasociados.com\/web\/wp-content\/uploads\/2016\/05\/shutterstock_424622707.jpg\"><img loading=\"lazy\" decoding=\"async\" class=\"wp-image-4353 size-medium alignleft\" src=\"http:\/\/santistebanasociados.com\/web\/wp-content\/uploads\/2016\/05\/shutterstock_424622707-300x300.jpg\" width=\"300\" height=\"300\" srcset=\"https:\/\/santistebanasociados.com\/web\/wp-content\/uploads\/2016\/05\/shutterstock_424622707-300x300.jpg 300w, https:\/\/santistebanasociados.com\/web\/wp-content\/uploads\/2016\/05\/shutterstock_424622707-150x150.jpg 150w, https:\/\/santistebanasociados.com\/web\/wp-content\/uploads\/2016\/05\/shutterstock_424622707-600x600.jpg 600w, https:\/\/santistebanasociados.com\/web\/wp-content\/uploads\/2016\/05\/shutterstock_424622707-560x560.jpg 560w, https:\/\/santistebanasociados.com\/web\/wp-content\/uploads\/2016\/05\/shutterstock_424622707-367x367.jpg 367w, https:\/\/santistebanasociados.com\/web\/wp-content\/uploads\/2016\/05\/shutterstock_424622707-450x450.jpg 450w, https:\/\/santistebanasociados.com\/web\/wp-content\/uploads\/2016\/05\/shutterstock_424622707-85x85.jpg 85w, https:\/\/santistebanasociados.com\/web\/wp-content\/uploads\/2016\/05\/shutterstock_424622707-50x50.jpg 50w, https:\/\/santistebanasociados.com\/web\/wp-content\/uploads\/2016\/05\/shutterstock_424622707.jpg 667w\" sizes=\"auto, (max-width: 300px) 100vw, 300px\" \/><\/a>Prestaci\u00f3n de servicios profesionales para representaci\u00f3n judicial y extrajudicial en negocios o actos de naturaleza civil y comercial, as\u00ed como el acompa\u00f1amiento procesal permanente para efectos de tr\u00e1mites y representaciones judiciales.<\/p>\n<p style=\"text-align: justify;\">Representamos y asesoramos a nuestros clientes en situaciones contenciosas, resoluci\u00f3n alternativa de conflictos y arbitramentos civiles, comerciales, laborales y administrativos.<\/p>\n<p style=\"text-align: justify;\">Recomendamos, administramos y ejecutamos herramientas y mecanismos de litigio,\u00a0 disputa, y resoluci\u00f3n alternativa de conflictos en temas vinculados a la propiedad intelectual, seguros, responsabilidad civil del estado o los particulares, entre otros, siempre promoviendo y procurando la satisfacci\u00f3n de los intereses judiciales o extrajudiciales de nuestros clientes.<\/p>\n<p>[\/vc_column_text][\/vc_column][\/vc_row]<\/p>\n","protected":false},"excerpt":{"rendered":"<p>[vc_row][vc_column css=&#8221;.vc_custom_1464192945062{padding-right: 30px !important;}&#8221;][vc_column_text] Prestaci\u00f3n de servicios profesionales para representaci\u00f3n judicial y extrajudicial en negocios o actos de naturaleza civil y comercial, as\u00ed como el acompa\u00f1amiento procesal permanente para efectos de tr\u00e1mites y representaciones judiciales. Representamos y asesoramos a nuestros clientes en situaciones contenciosas, resoluci\u00f3n alternativa de conflictos y arbitramentos civiles, comerciales, laborales y administrativos. [&hellip;]<\/p>\n","protected":false},"author":1,"featured_media":0,"parent":0,"menu_order":0,"comment_status":"closed","ping_status":"closed","template":"","meta":{"footnotes":""},"class_list":["post-4151","page","type-page","status-publish","hentry"],"yoast_head":"<!-- This site is optimized with the Yoast SEO plugin v22.1 - https:\/\/yoast.com\/wordpress\/plugins\/seo\/ -->\n<title>Resoluci\u00f3n de Conflictos - Arbitramento - Litigios - Recuperaci\u00f3n de Cartera - Santisteban &amp; Asociados<\/title>\n<meta name=\"robots\" content=\"noindex, follow, max-snippet:-1, max-image-preview:large, max-video-preview:-1\" \/>\n<meta property=\"og:locale\" content=\"es_ES\" \/>\n<meta property=\"og:type\" content=\"article\" \/>\n<meta property=\"og:title\" content=\"Resoluci\u00f3n de Conflictos - Arbitramento - Litigios - Recuperaci\u00f3n de Cartera - Santisteban &amp; Asociados\" \/>\n<meta property=\"og:description\" content=\"[vc_row][vc_column css=&#8221;.vc_custom_1464192945062{padding-right: 30px !important;}&#8221;][vc_column_text] Prestaci\u00f3n de servicios profesionales para representaci\u00f3n judicial y extrajudicial en negocios o actos de naturaleza civil y comercial, as\u00ed como el acompa\u00f1amiento procesal permanente para efectos de tr\u00e1mites y representaciones judiciales. Representamos y asesoramos a nuestros clientes en situaciones contenciosas, resoluci\u00f3n alternativa de conflictos y arbitramentos civiles, comerciales, laborales y administrativos. [&hellip;]\" \/>\n<meta property=\"og:url\" content=\"https:\/\/santistebanasociados.com\/web\/resolucion-de-conflictos-arbitramento-litigios-recuperacion-de-cartera\/\" \/>\n<meta property=\"og:site_name\" content=\"Santisteban &amp; Asociados\" \/>\n<meta property=\"article:modified_time\" content=\"2016-06-02T17:54:05+00:00\" \/>\n<meta property=\"og:image\" content=\"http:\/\/santistebanasociados.com\/web\/wp-content\/uploads\/2016\/05\/shutterstock_424622707-300x300.jpg\" \/>\n<meta name=\"twitter:card\" content=\"summary_large_image\" \/>\n<meta name=\"twitter:label1\" content=\"Est. reading time\" \/>\n\t<meta name=\"twitter:data1\" content=\"1 minute\" \/>\n<script type=\"application\/ld+json\" class=\"yoast-schema-graph\">{\"@context\":\"https:\/\/schema.org\",\"@graph\":[{\"@type\":\"WebPage\",\"@id\":\"https:\/\/santistebanasociados.com\/web\/resolucion-de-conflictos-arbitramento-litigios-recuperacion-de-cartera\/\",\"url\":\"https:\/\/santistebanasociados.com\/web\/resolucion-de-conflictos-arbitramento-litigios-recuperacion-de-cartera\/\",\"name\":\"Resoluci\u00f3n de Conflictos - Arbitramento - Litigios - Recuperaci\u00f3n de Cartera - Santisteban &amp; Asociados\",\"isPartOf\":{\"@id\":\"https:\/\/santistebanasociados.com\/web\/#website\"},\"datePublished\":\"2016-05-25T16:15:56+00:00\",\"dateModified\":\"2016-06-02T17:54:05+00:00\",\"breadcrumb\":{\"@id\":\"https:\/\/santistebanasociados.com\/web\/resolucion-de-conflictos-arbitramento-litigios-recuperacion-de-cartera\/#breadcrumb\"},\"inLanguage\":\"es-ES\",\"potentialAction\":[{\"@type\":\"ReadAction\",\"target\":[\"https:\/\/santistebanasociados.com\/web\/resolucion-de-conflictos-arbitramento-litigios-recuperacion-de-cartera\/\"]}]},{\"@type\":\"BreadcrumbList\",\"@id\":\"https:\/\/santistebanasociados.com\/web\/resolucion-de-conflictos-arbitramento-litigios-recuperacion-de-cartera\/#breadcrumb\",\"itemListElement\":[{\"@type\":\"ListItem\",\"position\":1,\"name\":\"Portada\",\"item\":\"https:\/\/santistebanasociados.com\/web\/\"},{\"@type\":\"ListItem\",\"position\":2,\"name\":\"Resoluci\u00f3n de Conflictos &#8211; Arbitramento &#8211; Litigios &#8211; Recuperaci\u00f3n de Cartera\"}]},{\"@type\":\"WebSite\",\"@id\":\"https:\/\/santistebanasociados.com\/web\/#website\",\"url\":\"https:\/\/santistebanasociados.com\/web\/\",\"name\":\"Santisteban &amp; Asociados\",\"description\":\"Servicios Legales Corporativos\",\"potentialAction\":[{\"@type\":\"SearchAction\",\"target\":{\"@type\":\"EntryPoint\",\"urlTemplate\":\"https:\/\/santistebanasociados.com\/web\/?s={search_term_string}\"},\"query-input\":\"required name=search_term_string\"}],\"inLanguage\":\"es-ES\"}]}<\/script>\n<!-- \/ Yoast SEO plugin. -->","yoast_head_json":{"title":"Resoluci\u00f3n de Conflictos - Arbitramento - Litigios - Recuperaci\u00f3n de Cartera - Santisteban &amp; Asociados","robots":{"index":"noindex","follow":"follow","max-snippet":"max-snippet:-1","max-image-preview":"max-image-preview:large","max-video-preview":"max-video-preview:-1"},"og_locale":"es_ES","og_type":"article","og_title":"Resoluci\u00f3n de Conflictos - Arbitramento - Litigios - Recuperaci\u00f3n de Cartera - Santisteban &amp; Asociados","og_description":"[vc_row][vc_column css=&#8221;.vc_custom_1464192945062{padding-right: 30px !important;}&#8221;][vc_column_text] Prestaci\u00f3n de servicios profesionales para representaci\u00f3n judicial y extrajudicial en negocios o actos de naturaleza civil y comercial, as\u00ed como el acompa\u00f1amiento procesal permanente para efectos de tr\u00e1mites y representaciones judiciales. Representamos y asesoramos a nuestros clientes en situaciones contenciosas, resoluci\u00f3n alternativa de conflictos y arbitramentos civiles, comerciales, laborales y administrativos. [&hellip;]","og_url":"https:\/\/santistebanasociados.com\/web\/resolucion-de-conflictos-arbitramento-litigios-recuperacion-de-cartera\/","og_site_name":"Santisteban &amp; Asociados","article_modified_time":"2016-06-02T17:54:05+00:00","og_image":[{"url":"http:\/\/santistebanasociados.com\/web\/wp-content\/uploads\/2016\/05\/shutterstock_424622707-300x300.jpg"}],"twitter_card":"summary_large_image","twitter_misc":{"Est. reading time":"1 minute"},"schema":{"@context":"https:\/\/schema.org","@graph":[{"@type":"WebPage","@id":"https:\/\/santistebanasociados.com\/web\/resolucion-de-conflictos-arbitramento-litigios-recuperacion-de-cartera\/","url":"https:\/\/santistebanasociados.com\/web\/resolucion-de-conflictos-arbitramento-litigios-recuperacion-de-cartera\/","name":"Resoluci\u00f3n de Conflictos - Arbitramento - Litigios - Recuperaci\u00f3n de Cartera - Santisteban &amp; Asociados","isPartOf":{"@id":"https:\/\/santistebanasociados.com\/web\/#website"},"datePublished":"2016-05-25T16:15:56+00:00","dateModified":"2016-06-02T17:54:05+00:00","breadcrumb":{"@id":"https:\/\/santistebanasociados.com\/web\/resolucion-de-conflictos-arbitramento-litigios-recuperacion-de-cartera\/#breadcrumb"},"inLanguage":"es-ES","potentialAction":[{"@type":"ReadAction","target":["https:\/\/santistebanasociados.com\/web\/resolucion-de-conflictos-arbitramento-litigios-recuperacion-de-cartera\/"]}]},{"@type":"BreadcrumbList","@id":"https:\/\/santistebanasociados.com\/web\/resolucion-de-conflictos-arbitramento-litigios-recuperacion-de-cartera\/#breadcrumb","itemListElement":[{"@type":"ListItem","position":1,"name":"Portada","item":"https:\/\/santistebanasociados.com\/web\/"},{"@type":"ListItem","position":2,"name":"Resoluci\u00f3n de Conflictos &#8211; Arbitramento &#8211; Litigios &#8211; Recuperaci\u00f3n de Cartera"}]},{"@type":"WebSite","@id":"https:\/\/santistebanasociados.com\/web\/#website","url":"https:\/\/santistebanasociados.com\/web\/","name":"Santisteban &amp; Asociados","description":"Servicios Legales Corporativos","potentialAction":[{"@type":"SearchAction","target":{"@type":"EntryPoint","urlTemplate":"https:\/\/santistebanasociados.com\/web\/?s={search_term_string}"},"query-input":"required name=search_term_string"}],"inLanguage":"es-ES"}]}},"_links":{"self":[{"href":"https:\/\/santistebanasociados.com\/web\/wp-json\/wp\/v2\/pages\/4151","targetHints":{"allow":["GET"]}}],"collection":[{"href":"https:\/\/santistebanasociados.com\/web\/wp-json\/wp\/v2\/pages"}],"about":[{"href":"https:\/\/santistebanasociados.com\/web\/wp-json\/wp\/v2\/types\/page"}],"author":[{"embeddable":true,"href":"https:\/\/santistebanasociados.com\/web\/wp-json\/wp\/v2\/users\/1"}],"replies":[{"embeddable":true,"href":"https:\/\/santistebanasociados.com\/web\/wp-json\/wp\/v2\/comments?post=4151"}],"version-history":[{"count":3,"href":"https:\/\/santistebanasociados.com\/web\/wp-json\/wp\/v2\/pages\/4151\/revisions"}],"predecessor-version":[{"id":4354,"href":"https:\/\/santistebanasociados.com\/web\/wp-json\/wp\/v2\/pages\/4151\/revisions\/4354"}],"wp:attachment":[{"href":"https:\/\/santistebanasociados.com\/web\/wp-json\/wp\/v2\/media?parent=4151"}],"curies":[{"name":"wp","href":"https:\/\/api.w.org\/{rel}","templated":true}]}}