{"id":4155,"date":"2016-05-25T11:18:15","date_gmt":"2016-05-25T16:18:15","guid":{"rendered":"http:\/\/santistebanasociados.com\/web\/?page_id=4155"},"modified":"2016-05-25T11:51:28","modified_gmt":"2016-05-25T16:51:28","slug":"derecho-civil-inmigraciones","status":"publish","type":"page","link":"https:\/\/santistebanasociados.com\/web\/derecho-civil-inmigraciones\/","title":{"rendered":"Derecho Civil &#8211; Inmigraciones"},"content":{"rendered":"<p>[vc_row css=&#8221;.vc_custom_1464195082887{padding-right: 30px !important;}&#8221;][vc_column][vc_column_text]<\/p>\n<p style=\"text-align: justify;\"><a href=\"http:\/\/santistebanasociados.com\/web\/wp-content\/uploads\/2016\/05\/civil.jpg\"><img loading=\"lazy\" decoding=\"async\" class=\"wp-image-4168 size-medium alignleft\" src=\"http:\/\/santistebanasociados.com\/web\/wp-content\/uploads\/2016\/05\/civil-300x300.jpg\" width=\"300\" height=\"300\" srcset=\"https:\/\/santistebanasociados.com\/web\/wp-content\/uploads\/2016\/05\/civil-300x300.jpg 300w, https:\/\/santistebanasociados.com\/web\/wp-content\/uploads\/2016\/05\/civil-150x150.jpg 150w, https:\/\/santistebanasociados.com\/web\/wp-content\/uploads\/2016\/05\/civil-367x367.jpg 367w, https:\/\/santistebanasociados.com\/web\/wp-content\/uploads\/2016\/05\/civil-450x450.jpg 450w, https:\/\/santistebanasociados.com\/web\/wp-content\/uploads\/2016\/05\/civil-85x85.jpg 85w, https:\/\/santistebanasociados.com\/web\/wp-content\/uploads\/2016\/05\/civil-50x50.jpg 50w, https:\/\/santistebanasociados.com\/web\/wp-content\/uploads\/2016\/05\/civil.jpg 500w\" sizes=\"auto, (max-width: 300px) 100vw, 300px\" \/><\/a>Asesor\u00eda en la interpretaci\u00f3n y aplicaci\u00f3n de las normas de derecho civil y procesal civil de las diferentes legislaciones y jurisdicciones.<\/p>\n<p style=\"text-align: justify;\">Asesor\u00eda a empresas y personas naturales en la actividad migratoria. Representaci\u00f3n, acompa\u00f1amiento y tr\u00e1mite en temas migratorios ante las entidades\u00a0 gubernamentales y gesti\u00f3n de visas, asistencia ante el DAS, el Ministerio de Educaci\u00f3n<\/p>\n<p>[\/vc_column_text][\/vc_column][\/vc_row]<\/p>\n","protected":false},"excerpt":{"rendered":"<p>[vc_row css=&#8221;.vc_custom_1464195082887{padding-right: 30px !important;}&#8221;][vc_column][vc_column_text] Asesor\u00eda en la interpretaci\u00f3n y aplicaci\u00f3n de las normas de derecho civil y procesal civil de las diferentes legislaciones y jurisdicciones. Asesor\u00eda a empresas y personas naturales en la actividad migratoria. Representaci\u00f3n, acompa\u00f1amiento y tr\u00e1mite en temas migratorios ante las entidades\u00a0 gubernamentales y gesti\u00f3n de visas, asistencia ante el DAS, el [&hellip;]<\/p>\n","protected":false},"author":1,"featured_media":0,"parent":0,"menu_order":0,"comment_status":"closed","ping_status":"closed","template":"","meta":{"footnotes":""},"class_list":["post-4155","page","type-page","status-publish","hentry"],"yoast_head":"<!-- This site is optimized with the Yoast SEO plugin v22.1 - https:\/\/yoast.com\/wordpress\/plugins\/seo\/ -->\n<title>Derecho Civil - Inmigraciones - Santisteban &amp; Asociados<\/title>\n<meta name=\"robots\" content=\"noindex, follow, max-snippet:-1, max-image-preview:large, max-video-preview:-1\" \/>\n<meta property=\"og:locale\" content=\"es_ES\" \/>\n<meta property=\"og:type\" content=\"article\" \/>\n<meta property=\"og:title\" content=\"Derecho Civil - Inmigraciones - Santisteban &amp; Asociados\" \/>\n<meta property=\"og:description\" content=\"[vc_row css=&#8221;.vc_custom_1464195082887{padding-right: 30px !important;}&#8221;][vc_column][vc_column_text] Asesor\u00eda en la interpretaci\u00f3n y aplicaci\u00f3n de las normas de derecho civil y procesal civil de las diferentes legislaciones y jurisdicciones. Asesor\u00eda a empresas y personas naturales en la actividad migratoria. Representaci\u00f3n, acompa\u00f1amiento y tr\u00e1mite en temas migratorios ante las entidades\u00a0 gubernamentales y gesti\u00f3n de visas, asistencia ante el DAS, el [&hellip;]\" \/>\n<meta property=\"og:url\" content=\"https:\/\/santistebanasociados.com\/web\/derecho-civil-inmigraciones\/\" \/>\n<meta property=\"og:site_name\" content=\"Santisteban &amp; Asociados\" \/>\n<meta property=\"article:modified_time\" content=\"2016-05-25T16:51:28+00:00\" \/>\n<meta property=\"og:image\" content=\"http:\/\/santistebanasociados.com\/web\/wp-content\/uploads\/2016\/05\/civil-300x300.jpg\" \/>\n<meta name=\"twitter:card\" content=\"summary_large_image\" \/>\n<script type=\"application\/ld+json\" class=\"yoast-schema-graph\">{\"@context\":\"https:\/\/schema.org\",\"@graph\":[{\"@type\":\"WebPage\",\"@id\":\"https:\/\/santistebanasociados.com\/web\/derecho-civil-inmigraciones\/\",\"url\":\"https:\/\/santistebanasociados.com\/web\/derecho-civil-inmigraciones\/\",\"name\":\"Derecho Civil - Inmigraciones - Santisteban &amp; Asociados\",\"isPartOf\":{\"@id\":\"https:\/\/santistebanasociados.com\/web\/#website\"},\"datePublished\":\"2016-05-25T16:18:15+00:00\",\"dateModified\":\"2016-05-25T16:51:28+00:00\",\"breadcrumb\":{\"@id\":\"https:\/\/santistebanasociados.com\/web\/derecho-civil-inmigraciones\/#breadcrumb\"},\"inLanguage\":\"es-ES\",\"potentialAction\":[{\"@type\":\"ReadAction\",\"target\":[\"https:\/\/santistebanasociados.com\/web\/derecho-civil-inmigraciones\/\"]}]},{\"@type\":\"BreadcrumbList\",\"@id\":\"https:\/\/santistebanasociados.com\/web\/derecho-civil-inmigraciones\/#breadcrumb\",\"itemListElement\":[{\"@type\":\"ListItem\",\"position\":1,\"name\":\"Portada\",\"item\":\"https:\/\/santistebanasociados.com\/web\/\"},{\"@type\":\"ListItem\",\"position\":2,\"name\":\"Derecho Civil &#8211; Inmigraciones\"}]},{\"@type\":\"WebSite\",\"@id\":\"https:\/\/santistebanasociados.com\/web\/#website\",\"url\":\"https:\/\/santistebanasociados.com\/web\/\",\"name\":\"Santisteban &amp; Asociados\",\"description\":\"Servicios Legales Corporativos\",\"potentialAction\":[{\"@type\":\"SearchAction\",\"target\":{\"@type\":\"EntryPoint\",\"urlTemplate\":\"https:\/\/santistebanasociados.com\/web\/?s={search_term_string}\"},\"query-input\":\"required name=search_term_string\"}],\"inLanguage\":\"es-ES\"}]}<\/script>\n<!-- \/ Yoast SEO plugin. -->","yoast_head_json":{"title":"Derecho Civil - Inmigraciones - Santisteban &amp; Asociados","robots":{"index":"noindex","follow":"follow","max-snippet":"max-snippet:-1","max-image-preview":"max-image-preview:large","max-video-preview":"max-video-preview:-1"},"og_locale":"es_ES","og_type":"article","og_title":"Derecho Civil - Inmigraciones - Santisteban &amp; Asociados","og_description":"[vc_row css=&#8221;.vc_custom_1464195082887{padding-right: 30px !important;}&#8221;][vc_column][vc_column_text] Asesor\u00eda en la interpretaci\u00f3n y aplicaci\u00f3n de las normas de derecho civil y procesal civil de las diferentes legislaciones y jurisdicciones. Asesor\u00eda a empresas y personas naturales en la actividad migratoria. Representaci\u00f3n, acompa\u00f1amiento y tr\u00e1mite en temas migratorios ante las entidades\u00a0 gubernamentales y gesti\u00f3n de visas, asistencia ante el DAS, el [&hellip;]","og_url":"https:\/\/santistebanasociados.com\/web\/derecho-civil-inmigraciones\/","og_site_name":"Santisteban &amp; Asociados","article_modified_time":"2016-05-25T16:51:28+00:00","og_image":[{"url":"http:\/\/santistebanasociados.com\/web\/wp-content\/uploads\/2016\/05\/civil-300x300.jpg"}],"twitter_card":"summary_large_image","schema":{"@context":"https:\/\/schema.org","@graph":[{"@type":"WebPage","@id":"https:\/\/santistebanasociados.com\/web\/derecho-civil-inmigraciones\/","url":"https:\/\/santistebanasociados.com\/web\/derecho-civil-inmigraciones\/","name":"Derecho Civil - Inmigraciones - Santisteban &amp; Asociados","isPartOf":{"@id":"https:\/\/santistebanasociados.com\/web\/#website"},"datePublished":"2016-05-25T16:18:15+00:00","dateModified":"2016-05-25T16:51:28+00:00","breadcrumb":{"@id":"https:\/\/santistebanasociados.com\/web\/derecho-civil-inmigraciones\/#breadcrumb"},"inLanguage":"es-ES","potentialAction":[{"@type":"ReadAction","target":["https:\/\/santistebanasociados.com\/web\/derecho-civil-inmigraciones\/"]}]},{"@type":"BreadcrumbList","@id":"https:\/\/santistebanasociados.com\/web\/derecho-civil-inmigraciones\/#breadcrumb","itemListElement":[{"@type":"ListItem","position":1,"name":"Portada","item":"https:\/\/santistebanasociados.com\/web\/"},{"@type":"ListItem","position":2,"name":"Derecho Civil &#8211; Inmigraciones"}]},{"@type":"WebSite","@id":"https:\/\/santistebanasociados.com\/web\/#website","url":"https:\/\/santistebanasociados.com\/web\/","name":"Santisteban &amp; Asociados","description":"Servicios Legales Corporativos","potentialAction":[{"@type":"SearchAction","target":{"@type":"EntryPoint","urlTemplate":"https:\/\/santistebanasociados.com\/web\/?s={search_term_string}"},"query-input":"required name=search_term_string"}],"inLanguage":"es-ES"}]}},"_links":{"self":[{"href":"https:\/\/santistebanasociados.com\/web\/wp-json\/wp\/v2\/pages\/4155","targetHints":{"allow":["GET"]}}],"collection":[{"href":"https:\/\/santistebanasociados.com\/web\/wp-json\/wp\/v2\/pages"}],"about":[{"href":"https:\/\/santistebanasociados.com\/web\/wp-json\/wp\/v2\/types\/page"}],"author":[{"embeddable":true,"href":"https:\/\/santistebanasociados.com\/web\/wp-json\/wp\/v2\/users\/1"}],"replies":[{"embeddable":true,"href":"https:\/\/santistebanasociados.com\/web\/wp-json\/wp\/v2\/comments?post=4155"}],"version-history":[{"count":3,"href":"https:\/\/santistebanasociados.com\/web\/wp-json\/wp\/v2\/pages\/4155\/revisions"}],"predecessor-version":[{"id":4179,"href":"https:\/\/santistebanasociados.com\/web\/wp-json\/wp\/v2\/pages\/4155\/revisions\/4179"}],"wp:attachment":[{"href":"https:\/\/santistebanasociados.com\/web\/wp-json\/wp\/v2\/media?parent=4155"}],"curies":[{"name":"wp","href":"https:\/\/api.w.org\/{rel}","templated":true}]}}