{"id":4158,"date":"2016-05-25T11:22:00","date_gmt":"2016-05-25T16:22:00","guid":{"rendered":"http:\/\/santistebanasociados.com\/web\/?page_id=4158"},"modified":"2016-06-02T12:59:41","modified_gmt":"2016-06-02T17:59:41","slug":"derecho-publico-administrativo-constitucional-y-responsabilidad-del-estado","status":"publish","type":"page","link":"https:\/\/santistebanasociados.com\/web\/derecho-publico-administrativo-constitucional-y-responsabilidad-del-estado\/","title":{"rendered":"Derecho P\u00fablico, Administrativo, Constitucional y Responsabilidad del Estado"},"content":{"rendered":"<p>[vc_row css=&#8221;.vc_custom_1464195144121{padding-right: 30px !important;}&#8221;][vc_column][vc_column_text]<\/p>\n<p style=\"text-align: justify;\"><a href=\"http:\/\/santistebanasociados.com\/web\/wp-content\/uploads\/2016\/05\/shutterstock_426848074.jpg\"><img loading=\"lazy\" decoding=\"async\" class=\"wp-image-4356 size-medium alignleft\" src=\"http:\/\/santistebanasociados.com\/web\/wp-content\/uploads\/2016\/05\/shutterstock_426848074-300x300.jpg\" width=\"300\" height=\"300\" srcset=\"https:\/\/santistebanasociados.com\/web\/wp-content\/uploads\/2016\/05\/shutterstock_426848074-300x300.jpg 300w, https:\/\/santistebanasociados.com\/web\/wp-content\/uploads\/2016\/05\/shutterstock_426848074-150x150.jpg 150w, https:\/\/santistebanasociados.com\/web\/wp-content\/uploads\/2016\/05\/shutterstock_426848074-600x600.jpg 600w, https:\/\/santistebanasociados.com\/web\/wp-content\/uploads\/2016\/05\/shutterstock_426848074-560x560.jpg 560w, https:\/\/santistebanasociados.com\/web\/wp-content\/uploads\/2016\/05\/shutterstock_426848074-367x367.jpg 367w, https:\/\/santistebanasociados.com\/web\/wp-content\/uploads\/2016\/05\/shutterstock_426848074-450x450.jpg 450w, https:\/\/santistebanasociados.com\/web\/wp-content\/uploads\/2016\/05\/shutterstock_426848074-85x85.jpg 85w, https:\/\/santistebanasociados.com\/web\/wp-content\/uploads\/2016\/05\/shutterstock_426848074-50x50.jpg 50w, https:\/\/santistebanasociados.com\/web\/wp-content\/uploads\/2016\/05\/shutterstock_426848074.jpg 662w\" sizes=\"auto, (max-width: 300px) 100vw, 300px\" \/><\/a>Ofrecemos asesor\u00eda jur\u00eddica y consultor\u00eda legal para la interpretaci\u00f3n, cumplimiento y aplicaci\u00f3n de las normas de Derecho P\u00fablico, Constitucional, Administrativo y Procesal P\u00fablico.<\/p>\n<p style=\"text-align: justify;\">Representamos empresas nacionales y extranjeras en la elaboraci\u00f3n y seguimiento de demandas contra el estado y estrategia de litigio, disputa o resoluci\u00f3n alternativa de conflictos con el estado.<\/p>\n<p style=\"text-align: justify;\">Prestamos a nuestros clientes asesor\u00eda integral en materia de contrataci\u00f3n estatal, procesos de selecci\u00f3n de contratistas, consultor\u00eda y capacitaci\u00f3n para personas jur\u00eddicas de derecho privado, para la negociaci\u00f3n, perfeccionamiento y ejecuci\u00f3n de contratos o convenios de derecho p\u00fablico.<\/p>\n<p>[\/vc_column_text][\/vc_column][\/vc_row]<\/p>\n","protected":false},"excerpt":{"rendered":"<p>[vc_row css=&#8221;.vc_custom_1464195144121{padding-right: 30px !important;}&#8221;][vc_column][vc_column_text] Ofrecemos asesor\u00eda jur\u00eddica y consultor\u00eda legal para la interpretaci\u00f3n, cumplimiento y aplicaci\u00f3n de las normas de Derecho P\u00fablico, Constitucional, Administrativo y Procesal P\u00fablico. Representamos empresas nacionales y extranjeras en la elaboraci\u00f3n y seguimiento de demandas contra el estado y estrategia de litigio, disputa o resoluci\u00f3n alternativa de conflictos con el estado. [&hellip;]<\/p>\n","protected":false},"author":1,"featured_media":0,"parent":0,"menu_order":0,"comment_status":"closed","ping_status":"closed","template":"","meta":{"footnotes":""},"class_list":["post-4158","page","type-page","status-publish","hentry"],"yoast_head":"<!-- This site is optimized with the Yoast SEO plugin v22.1 - https:\/\/yoast.com\/wordpress\/plugins\/seo\/ -->\n<title>Derecho P\u00fablico, Administrativo, Constitucional y Responsabilidad del Estado - Santisteban &amp; Asociados<\/title>\n<meta name=\"robots\" content=\"noindex, follow, max-snippet:-1, max-image-preview:large, max-video-preview:-1\" \/>\n<meta property=\"og:locale\" content=\"es_ES\" \/>\n<meta property=\"og:type\" content=\"article\" \/>\n<meta property=\"og:title\" content=\"Derecho P\u00fablico, Administrativo, Constitucional y Responsabilidad del Estado - Santisteban &amp; Asociados\" \/>\n<meta property=\"og:description\" content=\"[vc_row css=&#8221;.vc_custom_1464195144121{padding-right: 30px !important;}&#8221;][vc_column][vc_column_text] Ofrecemos asesor\u00eda jur\u00eddica y consultor\u00eda legal para la interpretaci\u00f3n, cumplimiento y aplicaci\u00f3n de las normas de Derecho P\u00fablico, Constitucional, Administrativo y Procesal P\u00fablico. Representamos empresas nacionales y extranjeras en la elaboraci\u00f3n y seguimiento de demandas contra el estado y estrategia de litigio, disputa o resoluci\u00f3n alternativa de conflictos con el estado. [&hellip;]\" \/>\n<meta property=\"og:url\" content=\"https:\/\/santistebanasociados.com\/web\/derecho-publico-administrativo-constitucional-y-responsabilidad-del-estado\/\" \/>\n<meta property=\"og:site_name\" content=\"Santisteban &amp; Asociados\" \/>\n<meta property=\"article:modified_time\" content=\"2016-06-02T17:59:41+00:00\" \/>\n<meta property=\"og:image\" content=\"http:\/\/santistebanasociados.com\/web\/wp-content\/uploads\/2016\/05\/shutterstock_426848074-300x300.jpg\" \/>\n<meta name=\"twitter:card\" content=\"summary_large_image\" \/>\n<meta name=\"twitter:label1\" content=\"Est. reading time\" \/>\n\t<meta name=\"twitter:data1\" content=\"1 minute\" \/>\n<script type=\"application\/ld+json\" class=\"yoast-schema-graph\">{\"@context\":\"https:\/\/schema.org\",\"@graph\":[{\"@type\":\"WebPage\",\"@id\":\"https:\/\/santistebanasociados.com\/web\/derecho-publico-administrativo-constitucional-y-responsabilidad-del-estado\/\",\"url\":\"https:\/\/santistebanasociados.com\/web\/derecho-publico-administrativo-constitucional-y-responsabilidad-del-estado\/\",\"name\":\"Derecho P\u00fablico, Administrativo, Constitucional y Responsabilidad del Estado - Santisteban &amp; Asociados\",\"isPartOf\":{\"@id\":\"https:\/\/santistebanasociados.com\/web\/#website\"},\"datePublished\":\"2016-05-25T16:22:00+00:00\",\"dateModified\":\"2016-06-02T17:59:41+00:00\",\"breadcrumb\":{\"@id\":\"https:\/\/santistebanasociados.com\/web\/derecho-publico-administrativo-constitucional-y-responsabilidad-del-estado\/#breadcrumb\"},\"inLanguage\":\"es-ES\",\"potentialAction\":[{\"@type\":\"ReadAction\",\"target\":[\"https:\/\/santistebanasociados.com\/web\/derecho-publico-administrativo-constitucional-y-responsabilidad-del-estado\/\"]}]},{\"@type\":\"BreadcrumbList\",\"@id\":\"https:\/\/santistebanasociados.com\/web\/derecho-publico-administrativo-constitucional-y-responsabilidad-del-estado\/#breadcrumb\",\"itemListElement\":[{\"@type\":\"ListItem\",\"position\":1,\"name\":\"Portada\",\"item\":\"https:\/\/santistebanasociados.com\/web\/\"},{\"@type\":\"ListItem\",\"position\":2,\"name\":\"Derecho P\u00fablico, Administrativo, Constitucional y Responsabilidad del Estado\"}]},{\"@type\":\"WebSite\",\"@id\":\"https:\/\/santistebanasociados.com\/web\/#website\",\"url\":\"https:\/\/santistebanasociados.com\/web\/\",\"name\":\"Santisteban &amp; Asociados\",\"description\":\"Servicios Legales Corporativos\",\"potentialAction\":[{\"@type\":\"SearchAction\",\"target\":{\"@type\":\"EntryPoint\",\"urlTemplate\":\"https:\/\/santistebanasociados.com\/web\/?s={search_term_string}\"},\"query-input\":\"required name=search_term_string\"}],\"inLanguage\":\"es-ES\"}]}<\/script>\n<!-- \/ Yoast SEO plugin. -->","yoast_head_json":{"title":"Derecho P\u00fablico, Administrativo, Constitucional y Responsabilidad del Estado - Santisteban &amp; Asociados","robots":{"index":"noindex","follow":"follow","max-snippet":"max-snippet:-1","max-image-preview":"max-image-preview:large","max-video-preview":"max-video-preview:-1"},"og_locale":"es_ES","og_type":"article","og_title":"Derecho P\u00fablico, Administrativo, Constitucional y Responsabilidad del Estado - Santisteban &amp; Asociados","og_description":"[vc_row css=&#8221;.vc_custom_1464195144121{padding-right: 30px !important;}&#8221;][vc_column][vc_column_text] Ofrecemos asesor\u00eda jur\u00eddica y consultor\u00eda legal para la interpretaci\u00f3n, cumplimiento y aplicaci\u00f3n de las normas de Derecho P\u00fablico, Constitucional, Administrativo y Procesal P\u00fablico. Representamos empresas nacionales y extranjeras en la elaboraci\u00f3n y seguimiento de demandas contra el estado y estrategia de litigio, disputa o resoluci\u00f3n alternativa de conflictos con el estado. [&hellip;]","og_url":"https:\/\/santistebanasociados.com\/web\/derecho-publico-administrativo-constitucional-y-responsabilidad-del-estado\/","og_site_name":"Santisteban &amp; Asociados","article_modified_time":"2016-06-02T17:59:41+00:00","og_image":[{"url":"http:\/\/santistebanasociados.com\/web\/wp-content\/uploads\/2016\/05\/shutterstock_426848074-300x300.jpg"}],"twitter_card":"summary_large_image","twitter_misc":{"Est. reading time":"1 minute"},"schema":{"@context":"https:\/\/schema.org","@graph":[{"@type":"WebPage","@id":"https:\/\/santistebanasociados.com\/web\/derecho-publico-administrativo-constitucional-y-responsabilidad-del-estado\/","url":"https:\/\/santistebanasociados.com\/web\/derecho-publico-administrativo-constitucional-y-responsabilidad-del-estado\/","name":"Derecho P\u00fablico, Administrativo, Constitucional y Responsabilidad del Estado - Santisteban &amp; Asociados","isPartOf":{"@id":"https:\/\/santistebanasociados.com\/web\/#website"},"datePublished":"2016-05-25T16:22:00+00:00","dateModified":"2016-06-02T17:59:41+00:00","breadcrumb":{"@id":"https:\/\/santistebanasociados.com\/web\/derecho-publico-administrativo-constitucional-y-responsabilidad-del-estado\/#breadcrumb"},"inLanguage":"es-ES","potentialAction":[{"@type":"ReadAction","target":["https:\/\/santistebanasociados.com\/web\/derecho-publico-administrativo-constitucional-y-responsabilidad-del-estado\/"]}]},{"@type":"BreadcrumbList","@id":"https:\/\/santistebanasociados.com\/web\/derecho-publico-administrativo-constitucional-y-responsabilidad-del-estado\/#breadcrumb","itemListElement":[{"@type":"ListItem","position":1,"name":"Portada","item":"https:\/\/santistebanasociados.com\/web\/"},{"@type":"ListItem","position":2,"name":"Derecho P\u00fablico, Administrativo, Constitucional y Responsabilidad del Estado"}]},{"@type":"WebSite","@id":"https:\/\/santistebanasociados.com\/web\/#website","url":"https:\/\/santistebanasociados.com\/web\/","name":"Santisteban &amp; Asociados","description":"Servicios Legales Corporativos","potentialAction":[{"@type":"SearchAction","target":{"@type":"EntryPoint","urlTemplate":"https:\/\/santistebanasociados.com\/web\/?s={search_term_string}"},"query-input":"required name=search_term_string"}],"inLanguage":"es-ES"}]}},"_links":{"self":[{"href":"https:\/\/santistebanasociados.com\/web\/wp-json\/wp\/v2\/pages\/4158","targetHints":{"allow":["GET"]}}],"collection":[{"href":"https:\/\/santistebanasociados.com\/web\/wp-json\/wp\/v2\/pages"}],"about":[{"href":"https:\/\/santistebanasociados.com\/web\/wp-json\/wp\/v2\/types\/page"}],"author":[{"embeddable":true,"href":"https:\/\/santistebanasociados.com\/web\/wp-json\/wp\/v2\/users\/1"}],"replies":[{"embeddable":true,"href":"https:\/\/santistebanasociados.com\/web\/wp-json\/wp\/v2\/comments?post=4158"}],"version-history":[{"count":4,"href":"https:\/\/santistebanasociados.com\/web\/wp-json\/wp\/v2\/pages\/4158\/revisions"}],"predecessor-version":[{"id":4357,"href":"https:\/\/santistebanasociados.com\/web\/wp-json\/wp\/v2\/pages\/4158\/revisions\/4357"}],"wp:attachment":[{"href":"https:\/\/santistebanasociados.com\/web\/wp-json\/wp\/v2\/media?parent=4158"}],"curies":[{"name":"wp","href":"https:\/\/api.w.org\/{rel}","templated":true}]}}