{"id":4167,"date":"2016-05-25T11:46:12","date_gmt":"2016-05-25T16:46:12","guid":{"rendered":"http:\/\/santistebanasociados.com\/web\/?page_id=4167"},"modified":"2016-06-14T10:00:16","modified_gmt":"2016-06-14T15:00:16","slug":"servicios-contables","status":"publish","type":"page","link":"https:\/\/santistebanasociados.com\/web\/servicios-contables\/","title":{"rendered":"Servicios Contables"},"content":{"rendered":"<p>[vc_row css=&#8221;.vc_custom_1464195564674{padding-right: 30px !important;}&#8221;][vc_column][vc_column_text]<\/p>\n<p style=\"text-align: justify;\"><a href=\"http:\/\/santistebanasociados.com\/web\/wp-content\/uploads\/2016\/05\/shutterstock_315485798-1.jpg\"><img loading=\"lazy\" decoding=\"async\" class=\"wp-image-4367 size-medium alignleft\" src=\"http:\/\/santistebanasociados.com\/web\/wp-content\/uploads\/2016\/05\/shutterstock_315485798-1-300x233.jpg\" width=\"300\" height=\"233\" srcset=\"https:\/\/santistebanasociados.com\/web\/wp-content\/uploads\/2016\/05\/shutterstock_315485798-1-300x233.jpg 300w, https:\/\/santistebanasociados.com\/web\/wp-content\/uploads\/2016\/05\/shutterstock_315485798-1-768x596.jpg 768w, https:\/\/santistebanasociados.com\/web\/wp-content\/uploads\/2016\/05\/shutterstock_315485798-1-600x466.jpg 600w, https:\/\/santistebanasociados.com\/web\/wp-content\/uploads\/2016\/05\/shutterstock_315485798-1.jpg 1000w\" sizes=\"auto, (max-width: 300px) 100vw, 300px\" \/><\/a>SANTISTEBAN &amp; ASOCIADOS Servicios Legales Corporativos SAS adem\u00e1s de ser una firma de abogados que ofrece servicios de Consultor\u00eda Legal, Asesor\u00eda y Asistencia Jur\u00eddica a medianas y grandes empresas, complementa su portafolio de servicios jur\u00eddicos ofreciendo a sus clientesservicios profesionales contables, financieros y tributarios, que permiten al cliente una mirada, estudio, seguimiento y control integral de su operaci\u00f3n comercial.<\/p>\n<p style=\"text-align: justify;\">El servicio profesional comprende entre otras el desarrollo de las siguientes actividades:<\/p>\n<ul>\n<li>Alimentaci\u00f3n del sistema contable de la empresa cliente con seguimiento diario.<\/li>\n<li>Revisi\u00f3n mensual de la contabilidad en visitas peri\u00f3dicas acordadas con la compa\u00f1\u00eda.<\/li>\n<li>Ajustes al mes terminado,<\/li>\n<li>An\u00e1lisis y conciliaci\u00f3n de cuentas,<\/li>\n<li>Elaboraci\u00f3n y liquidaci\u00f3n de impuestos,<\/li>\n<li>Elaboraci\u00f3n de Balance General, Estado de Resultados, y los dem\u00e1s informes solicitados por las v\u00eda gubernativas, ya sean mensuales o anuales.<\/li>\n<li>Verificaci\u00f3n del cumplimiento de las normas legales y a la t\u00e9cnica contable.<\/li>\n<li>Respuesta a requerimientos complementarios o accesorios de acuerdo con las \u00faltimas disposiciones<\/li>\n<li>Actualizaci\u00f3n constante en materia de impuestos<\/li>\n<li>Recomendaciones de majeo contable, financiero o tributario para el logro eficiente de los fines comerciales de la empresa.<\/li>\n<li>Rectificaci\u00f3n de pr\u00e1cticas previas para lograr una contabilidad empresarial que atienda Normas de Contabilidad Generalmente aceptada en Colombia<\/li>\n<li>Cumplimiento del r\u00e9gimen de Impuestos en coherencia con la protecci\u00f3n de los intereses comerciales de las compa\u00f1\u00edas.<\/li>\n<\/ul>\n<p>[\/vc_column_text][\/vc_column][\/vc_row]<\/p>\n","protected":false},"excerpt":{"rendered":"<p>[vc_row css=&#8221;.vc_custom_1464195564674{padding-right: 30px !important;}&#8221;][vc_column][vc_column_text] SANTISTEBAN &amp; ASOCIADOS Servicios Legales Corporativos SAS adem\u00e1s de ser una firma de abogados que ofrece servicios de Consultor\u00eda Legal, Asesor\u00eda y Asistencia Jur\u00eddica a medianas y grandes empresas, complementa su portafolio de servicios jur\u00eddicos ofreciendo a sus clientesservicios profesionales contables, financieros y tributarios, que permiten al cliente una mirada, estudio, [&hellip;]<\/p>\n","protected":false},"author":1,"featured_media":0,"parent":0,"menu_order":0,"comment_status":"closed","ping_status":"closed","template":"","meta":{"footnotes":""},"class_list":["post-4167","page","type-page","status-publish","hentry"],"yoast_head":"<!-- This site is optimized with the Yoast SEO plugin v22.1 - https:\/\/yoast.com\/wordpress\/plugins\/seo\/ -->\n<title>Servicios Contables - Santisteban &amp; Asociados<\/title>\n<meta name=\"robots\" content=\"noindex, follow, max-snippet:-1, max-image-preview:large, max-video-preview:-1\" \/>\n<meta property=\"og:locale\" content=\"es_ES\" \/>\n<meta property=\"og:type\" content=\"article\" \/>\n<meta property=\"og:title\" content=\"Servicios Contables - Santisteban &amp; Asociados\" \/>\n<meta property=\"og:description\" content=\"[vc_row css=&#8221;.vc_custom_1464195564674{padding-right: 30px !important;}&#8221;][vc_column][vc_column_text] SANTISTEBAN &amp; ASOCIADOS Servicios Legales Corporativos SAS adem\u00e1s de ser una firma de abogados que ofrece servicios de Consultor\u00eda Legal, Asesor\u00eda y Asistencia Jur\u00eddica a medianas y grandes empresas, complementa su portafolio de servicios jur\u00eddicos ofreciendo a sus clientesservicios profesionales contables, financieros y tributarios, que permiten al cliente una mirada, estudio, [&hellip;]\" \/>\n<meta property=\"og:url\" content=\"https:\/\/santistebanasociados.com\/web\/servicios-contables\/\" \/>\n<meta property=\"og:site_name\" content=\"Santisteban &amp; Asociados\" \/>\n<meta property=\"article:modified_time\" content=\"2016-06-14T15:00:16+00:00\" \/>\n<meta property=\"og:image\" content=\"http:\/\/santistebanasociados.com\/web\/wp-content\/uploads\/2016\/05\/shutterstock_315485798-1-300x233.jpg\" \/>\n<meta name=\"twitter:card\" content=\"summary_large_image\" \/>\n<meta name=\"twitter:label1\" content=\"Est. reading time\" \/>\n\t<meta name=\"twitter:data1\" content=\"1 minute\" \/>\n<script type=\"application\/ld+json\" class=\"yoast-schema-graph\">{\"@context\":\"https:\/\/schema.org\",\"@graph\":[{\"@type\":\"WebPage\",\"@id\":\"https:\/\/santistebanasociados.com\/web\/servicios-contables\/\",\"url\":\"https:\/\/santistebanasociados.com\/web\/servicios-contables\/\",\"name\":\"Servicios Contables - Santisteban &amp; Asociados\",\"isPartOf\":{\"@id\":\"https:\/\/santistebanasociados.com\/web\/#website\"},\"datePublished\":\"2016-05-25T16:46:12+00:00\",\"dateModified\":\"2016-06-14T15:00:16+00:00\",\"breadcrumb\":{\"@id\":\"https:\/\/santistebanasociados.com\/web\/servicios-contables\/#breadcrumb\"},\"inLanguage\":\"es-ES\",\"potentialAction\":[{\"@type\":\"ReadAction\",\"target\":[\"https:\/\/santistebanasociados.com\/web\/servicios-contables\/\"]}]},{\"@type\":\"BreadcrumbList\",\"@id\":\"https:\/\/santistebanasociados.com\/web\/servicios-contables\/#breadcrumb\",\"itemListElement\":[{\"@type\":\"ListItem\",\"position\":1,\"name\":\"Portada\",\"item\":\"https:\/\/santistebanasociados.com\/web\/\"},{\"@type\":\"ListItem\",\"position\":2,\"name\":\"Servicios Contables\"}]},{\"@type\":\"WebSite\",\"@id\":\"https:\/\/santistebanasociados.com\/web\/#website\",\"url\":\"https:\/\/santistebanasociados.com\/web\/\",\"name\":\"Santisteban &amp; Asociados\",\"description\":\"Servicios Legales Corporativos\",\"potentialAction\":[{\"@type\":\"SearchAction\",\"target\":{\"@type\":\"EntryPoint\",\"urlTemplate\":\"https:\/\/santistebanasociados.com\/web\/?s={search_term_string}\"},\"query-input\":\"required name=search_term_string\"}],\"inLanguage\":\"es-ES\"}]}<\/script>\n<!-- \/ Yoast SEO plugin. -->","yoast_head_json":{"title":"Servicios Contables - Santisteban &amp; Asociados","robots":{"index":"noindex","follow":"follow","max-snippet":"max-snippet:-1","max-image-preview":"max-image-preview:large","max-video-preview":"max-video-preview:-1"},"og_locale":"es_ES","og_type":"article","og_title":"Servicios Contables - Santisteban &amp; Asociados","og_description":"[vc_row css=&#8221;.vc_custom_1464195564674{padding-right: 30px !important;}&#8221;][vc_column][vc_column_text] SANTISTEBAN &amp; ASOCIADOS Servicios Legales Corporativos SAS adem\u00e1s de ser una firma de abogados que ofrece servicios de Consultor\u00eda Legal, Asesor\u00eda y Asistencia Jur\u00eddica a medianas y grandes empresas, complementa su portafolio de servicios jur\u00eddicos ofreciendo a sus clientesservicios profesionales contables, financieros y tributarios, que permiten al cliente una mirada, estudio, [&hellip;]","og_url":"https:\/\/santistebanasociados.com\/web\/servicios-contables\/","og_site_name":"Santisteban &amp; Asociados","article_modified_time":"2016-06-14T15:00:16+00:00","og_image":[{"url":"http:\/\/santistebanasociados.com\/web\/wp-content\/uploads\/2016\/05\/shutterstock_315485798-1-300x233.jpg"}],"twitter_card":"summary_large_image","twitter_misc":{"Est. reading time":"1 minute"},"schema":{"@context":"https:\/\/schema.org","@graph":[{"@type":"WebPage","@id":"https:\/\/santistebanasociados.com\/web\/servicios-contables\/","url":"https:\/\/santistebanasociados.com\/web\/servicios-contables\/","name":"Servicios Contables - Santisteban &amp; Asociados","isPartOf":{"@id":"https:\/\/santistebanasociados.com\/web\/#website"},"datePublished":"2016-05-25T16:46:12+00:00","dateModified":"2016-06-14T15:00:16+00:00","breadcrumb":{"@id":"https:\/\/santistebanasociados.com\/web\/servicios-contables\/#breadcrumb"},"inLanguage":"es-ES","potentialAction":[{"@type":"ReadAction","target":["https:\/\/santistebanasociados.com\/web\/servicios-contables\/"]}]},{"@type":"BreadcrumbList","@id":"https:\/\/santistebanasociados.com\/web\/servicios-contables\/#breadcrumb","itemListElement":[{"@type":"ListItem","position":1,"name":"Portada","item":"https:\/\/santistebanasociados.com\/web\/"},{"@type":"ListItem","position":2,"name":"Servicios Contables"}]},{"@type":"WebSite","@id":"https:\/\/santistebanasociados.com\/web\/#website","url":"https:\/\/santistebanasociados.com\/web\/","name":"Santisteban &amp; Asociados","description":"Servicios Legales Corporativos","potentialAction":[{"@type":"SearchAction","target":{"@type":"EntryPoint","urlTemplate":"https:\/\/santistebanasociados.com\/web\/?s={search_term_string}"},"query-input":"required name=search_term_string"}],"inLanguage":"es-ES"}]}},"_links":{"self":[{"href":"https:\/\/santistebanasociados.com\/web\/wp-json\/wp\/v2\/pages\/4167","targetHints":{"allow":["GET"]}}],"collection":[{"href":"https:\/\/santistebanasociados.com\/web\/wp-json\/wp\/v2\/pages"}],"about":[{"href":"https:\/\/santistebanasociados.com\/web\/wp-json\/wp\/v2\/types\/page"}],"author":[{"embeddable":true,"href":"https:\/\/santistebanasociados.com\/web\/wp-json\/wp\/v2\/users\/1"}],"replies":[{"embeddable":true,"href":"https:\/\/santistebanasociados.com\/web\/wp-json\/wp\/v2\/comments?post=4167"}],"version-history":[{"count":4,"href":"https:\/\/santistebanasociados.com\/web\/wp-json\/wp\/v2\/pages\/4167\/revisions"}],"predecessor-version":[{"id":4475,"href":"https:\/\/santistebanasociados.com\/web\/wp-json\/wp\/v2\/pages\/4167\/revisions\/4475"}],"wp:attachment":[{"href":"https:\/\/santistebanasociados.com\/web\/wp-json\/wp\/v2\/media?parent=4167"}],"curies":[{"name":"wp","href":"https:\/\/api.w.org\/{rel}","templated":true}]}}